{"id":9876,"date":"2024-02-29T22:17:03","date_gmt":"2024-02-29T21:17:03","guid":{"rendered":"https:\/\/rupt.store\/product\/pierscionek-piercing\/"},"modified":"2026-01-05T16:48:52","modified_gmt":"2026-01-05T15:48:52","slug":"pierscionek-piercing","status":"publish","type":"product","link":"https:\/\/rupt.store\/pl\/produkt\/pierscionek-piercing\/","title":{"rendered":"Pier\u015bcionek Piercing"},"content":{"rendered":"\r\n<div class=\"wp-block-spacer\" style=\"height: 40px;\" aria-hidden=\"true\">\u00a0<\/div>\r\n\r\n<div class=\"wp-block-columns alignfull is-layout-flex wp-container-core-columns-is-layout-1a9244c7 wp-block-columns-is-layout-flex\">\r\n<div class=\"wp-block-column is-layout-flow wp-block-column-is-layout-flow\" style=\"flex-basis: 25%;\">&#13;\n<figure class=\"wp-block-image size-full\"><img data-recalc-dims=\"1\" loading=\"lazy\" decoding=\"async\" class=\"wp-image-434\" src=\"https:\/\/i0.wp.com\/rupt.store\/wp-content\/uploads\/2024\/02\/logo.png?resize=100%2C100&#038;ssl=1\" alt=\"\" width=\"100\" height=\"100\" title=\"\"><\/figure>&#13;\n<figure class=\"wp-block-image size-full\"><img data-recalc-dims=\"1\" loading=\"lazy\" decoding=\"async\" class=\"wp-image-434\" src=\"https:\/\/i0.wp.com\/rupt.store\/wp-content\/uploads\/2024\/02\/canvas-silver-amphora-ring-with-chain-gorewchik-brand.jpg?resize=600%2C400&#038;ssl=1\" alt=\"\" width=\"600\" height=\"400\" title=\"\"><\/figure>&#13;\n<\/div>\r\n\r\n\r\n\r\n<div class=\"wp-block-column is-vertically-aligned-bottom is-layout-flow wp-block-column-is-layout-flow\" style=\"padding-left: 8vh; flex-basis: 75%;\">\r\n<div class=\"wp-block-columns are-vertically-aligned-bottom is-layout-flex wp-container-core-columns-is-layout-1a9244c7 wp-block-columns-is-layout-flex\">\r\n<div class=\"wp-block-column is-vertically-aligned-bottom is-layout-flow wp-block-column-is-layout-flow\">&#13;\n<h3 class=\"has-medium-font-size wp-block-heading\" style=\"text-transform: uppercase;\">MARKA<\/h3>&#13;\n\r\n\r\n&#13;\n<p class=\"has-tiny-font-size wp-block-paragraph\">GORECHIK JEWELLERY to polska marka za\u0142o\u017cona przez projektantk\u0119 Maryn\u0119 Haretsk\u0105. Specjalizuj\u0105ca si\u0119 w srebrze pr\u00f3by 925, autorka koncentruje si\u0119 na formach, kt\u00f3re wymagaj\u0105 sta\u0142ego kontaktu ze sk\u00f3r\u0105. Bi\u017cuteria produkowana jest w Warszawie, GORECHIK zobowi\u0105zuje si\u0119 do etycznej produkcji. Projekty Maryny czerpi\u0105 inspiracj\u0119 z historii, \u0142\u0105cz\u0105c r\u00f3\u017cnorodne symbole i dorobki kulturowe we wsp\u00f3\u0142czesne, ponadczasowe dzie\u0142a. Jej filozofia to prostota, czysto\u015b\u0107 i mistyczne do\u015bwiadczenie geometrii.<\/p>&#13;\n<p class=\"has-tiny-font-size\">Bi\u017cuteria GORECHIK to co\u015b wi\u0119cej ni\u017c ozdoba; to uciele\u015bnienie dotyku. Projekty zawieraj\u0105 ruchome elementy i zawieszki, tworz\u0105c r\u00f3wnowag\u0119 z metalem i sk\u00f3r\u0105. Poznaj unikaln\u0105 mieszank\u0119 przesz\u0142o\u015bci i wsp\u00f3\u0142czesno\u015bci, w kt\u00f3rej ka\u017cdy dotyk opowiada histori\u0119.  <\/p>&#13;\n\r\n\r\n\r\n<div class=\"wp-block-spacer\" style=\"height: 50px;\" aria-hidden=\"true\">\u00a0<\/div>\r\n\r\n\r\n\r\n<div class=\"wp-block-spacer\" style=\"height: 5vw;\" aria-hidden=\"true\">\u00a0<\/div>\r\n<\/div>\r\n\r\n\r\n\r\n<div class=\"wp-block-column is-layout-flow wp-block-column-is-layout-flow\" style=\"padding-left: 3vw;\">&#13;\n<h3 class=\"has-medium-font-size wp-block-heading\" style=\"text-transform: uppercase;\">PIEL\u0118GNACJA<\/h3>&#13;\n\r\n\r\n&#13;\n<p class=\"has-tiny-font-size wp-block-paragraph\">Aby zachowa\u0107 dobr\u0105 jako\u015b\u0107 bi\u017cuterii, nie no\u015b jej na basenie, w spa ani na pla\u017cy. Bi\u017cuteri\u0119 nale\u017cy zdejmowa\u0107 podczas snu, \u0107wicze\u0144 lub innych aktywno\u015bci fizycznych. Unikaj kontaktu z perfumami, olejkami do cia\u0142a i innymi chemikaliami, w tym z domowymi \u015brodkami czyszcz\u0105cymi. W celu czyszczenia bi\u017cuterii, delikatnie poleruj mi\u0119kk\u0105 szmatk\u0105. Bi\u017cuteri\u0119 nale\u017cy przechowywa\u0107 w ch\u0142odnym i suchym miejscu.      <\/p>&#13;\n\r\n\r\n\r\n<div class=\"wp-block-spacer\" style=\"height: 50px;\" aria-hidden=\"true\">\u00a0<\/div>\r\n\r\n\r\n&#13;\n<p class=\"wp-block-paragraph\" style=\"font-size: 14px;\"><strong>Wysy\u0142amy nasze produkty do kraj\u00f3w na ca\u0142ym \u015bwiecie. <\/strong> Czas dostawy w Polsce to 2 dni robocze, w Europie &#8211; 4 dni robocze. Reszta \u015bwiata &#8211; czas jest szacowany w zale\u017cno\u015bci od kraju.<\/p>&#13;\n<\/div>\r\n<\/div>\r\n\r\n\r\n\r\n<div class=\"wp-block-spacer\" style=\"height: 100px;\" aria-hidden=\"true\">\u00a0<\/div>\r\n\r\n\r\n<\/div>\r\n<\/div>\r\n\r\n<div class=\"wp-block-spacer\" style=\"height: 100px;\" aria-hidden=\"true\">\u00a0<\/div>\r\n","protected":false},"excerpt":{"rendered":"<p class=\"has-tiny-font-size\">Pier\u015bcionek Piercing.<\/p>\n<p class=\"has-tiny-font-size\">Pier\u015bcionek o odwadze. Ho\u0142d dla pi\u0119kna i harmonii kobiecego cia\u0142a. Przesi\u0105kni\u0119ty histori\u0105, mi\u0142o\u015bci\u0105 do afryka\u0144skich tradycji, a jednocze\u015bnie spleciony z nowoczesno\u015bci\u0105.<br \/>Kolczyk w sutku \u2013 subtelny, a zarazem odwa\u017cny. Zmys\u0142owy, kusz\u0105cy, wyzwolony.<br \/>Luksus na wyci\u0105gni\u0119cie r\u0119ki, a zarazem pi\u0119kno bez b\u00f3lu.<br \/>Ozdoba, kt\u00f3r\u0105 pragniesz poczu\u0107. Zbyt zmys\u0142owa? Zbyt \u015bmia\u0142a? Zbyt\u2026          <\/p>\n<p class=\"has-tiny-font-size\">Srebro pr\u00f3by 925. Waga: 7,45 gr <\/p>\n","protected":false},"featured_media":8254,"comment_status":"closed","ping_status":"closed","template":"","meta":{"_crdt_document":""},"product_brand":[1835],"product_cat":[1662,1807],"product_tag":[2277,2223,2279,2282],"class_list":{"0":"post-9876","1":"product","2":"type-product","3":"status-publish","4":"has-post-thumbnail","6":"product_brand-gorechik-pl","7":"product_cat-pierscionki","8":"product_cat-wysylka-w-24h","9":"product_tag-bizuteria-unisex","10":"product_tag-bizuteria-srebrna","11":"product_tag-pierscionki","12":"product_tag-pierscionki-srebrne","14":"first","15":"instock","16":"purchasable","17":"product-type-variable"},"exclude_global_add_ons":[],"addons":[],"jetpack_sharing_enabled":true,"_links":{"self":[{"href":"https:\/\/rupt.store\/pl\/wp-json\/wp\/v2\/product\/9876","targetHints":{"allow":["GET"]}}],"collection":[{"href":"https:\/\/rupt.store\/pl\/wp-json\/wp\/v2\/product"}],"about":[{"href":"https:\/\/rupt.store\/pl\/wp-json\/wp\/v2\/types\/product"}],"replies":[{"embeddable":true,"href":"https:\/\/rupt.store\/pl\/wp-json\/wp\/v2\/comments?post=9876"}],"wp:featuredmedia":[{"embeddable":true,"href":"https:\/\/rupt.store\/pl\/wp-json\/wp\/v2\/media\/8254"}],"wp:attachment":[{"href":"https:\/\/rupt.store\/pl\/wp-json\/wp\/v2\/media?parent=9876"}],"wp:term":[{"taxonomy":"product_brand","embeddable":true,"href":"https:\/\/rupt.store\/pl\/wp-json\/wp\/v2\/product_brand?post=9876"},{"taxonomy":"product_cat","embeddable":true,"href":"https:\/\/rupt.store\/pl\/wp-json\/wp\/v2\/product_cat?post=9876"},{"taxonomy":"product_tag","embeddable":true,"href":"https:\/\/rupt.store\/pl\/wp-json\/wp\/v2\/product_tag?post=9876"}],"curies":[{"name":"wp","href":"https:\/\/api.w.org\/{rel}","templated":true}]}}