{"id":9292,"date":"2024-03-22T23:11:29","date_gmt":"2024-03-22T22:11:29","guid":{"rendered":"https:\/\/rupt.store\/product\/pierscionek-ajar\/"},"modified":"2025-10-21T19:32:40","modified_gmt":"2025-10-21T17:32:40","slug":"pierscionek-ajar","status":"publish","type":"product","link":"https:\/\/rupt.store\/pl\/produkt\/pierscionek-ajar\/","title":{"rendered":"Pier\u015bcionek Ajar"},"content":{"rendered":"\r\n<div class=\"wp-block-spacer\" style=\"height: 40px;\" aria-hidden=\"true\">\u00a0<\/div>\r\n\r\n<div class=\"wp-block-columns alignfull is-layout-flex wp-container-core-columns-is-layout-1a9244c7 wp-block-columns-is-layout-flex\">\r\n<div class=\"wp-block-column is-layout-flow wp-block-column-is-layout-flow\" style=\"flex-basis: 25%;\">&#13;\n<figure class=\"wp-block-image size-full\"><img data-recalc-dims=\"1\" loading=\"lazy\" decoding=\"async\" class=\"wp-image-434\" src=\"https:\/\/i0.wp.com\/rupt.store\/wp-content\/uploads\/2024\/03\/fruiting-bodies-logo-black-01.png?resize=250%2C50&#038;ssl=1\" alt=\"\" width=\"250\" height=\"50\" title=\"\"><\/figure>&#13;\n<figure class=\"wp-block-image size-full\"><img data-recalc-dims=\"1\" loading=\"lazy\" decoding=\"async\" class=\"wp-image-434\" src=\"https:\/\/i0.wp.com\/rupt.store\/wp-content\/uploads\/2024\/03\/Capture-One-Catalog0857.jpg?resize=300%2C300&#038;ssl=1\" alt=\"\" width=\"300\" height=\"300\" title=\"\"><\/figure>&#13;\n<\/div>\r\n\r\n\r\n\r\n<div class=\"wp-block-column is-vertically-aligned-bottom is-layout-flow wp-block-column-is-layout-flow\" style=\"padding-left: 8vh; flex-basis: 75%;\">\r\n<div class=\"wp-block-columns are-vertically-aligned-bottom is-layout-flex wp-container-core-columns-is-layout-1a9244c7 wp-block-columns-is-layout-flex\">\r\n<div class=\"wp-block-column is-vertically-aligned-bottom is-layout-flow wp-block-column-is-layout-flow\">&#13;\n<h3 class=\"has-medium-font-size wp-block-heading\" style=\"text-transform: uppercase;\">MARKA<\/h3>&#13;\n\r\n\r\n&#13;\n<p class=\"wp-block-paragraph\"><span style=\"font-weight: 400;\">Fruiting Bodies to projekt bi\u017cuterii powsta\u0142y w wyniku inspiracji \u017cywymi strukturami i ich buntowniczym duchem. Produkty marki s\u0105 unisexowe, nowoczesne i charakteryzuj\u0105 si\u0119 organicznymi formami.  <\/span><span style=\"font-weight: 400;\">Proces tworzenia prowadzony jest w duchu eksperymentu i ciekawo\u015bci materii. Bi\u017cuteria produkowana jest ma\u0142ymi seriami od pocz\u0105tku do ko\u0144ca w warszawskiej pracowni przez jej projektant\u00f3w. Przedmioty wykonane s\u0105 ze srebra pr\u00f3by 925 i poz\u0142acanego srebra.  <\/span><\/p>&#13;\n<p><span style=\"font-weight: 400;\">Fruiting Bodies to wsp\u00f3\u0142praca Martyny Dymek i Marcina Sieczki. Tw\u00f3rcy inspiruj\u0105 si\u0119 surrealistycznymi organicznymi formami. Interesuje ich relacja formy i materia\u0142u zw\u0142aszcza w kontek\u015bcie przenikania si\u0119 narz\u0119dzi wirtualnych z fizycznymi. Istotn\u0105 cz\u0119\u015bci\u0105 procesu jest dla nich budowanie narracji wizualnej poprzez fotografi\u0119, wideo i digital-art.  <\/span><\/p>&#13;\n\r\n\r\n\r\n<div class=\"wp-block-spacer\" style=\"height: 50px;\" aria-hidden=\"true\">\u00a0<\/div>\r\n\r\n\r\n\r\n<div class=\"wp-block-spacer\" style=\"height: 5vw;\" aria-hidden=\"true\">\u00a0<\/div>\r\n<\/div>\r\n\r\n\r\n\r\n<div class=\"wp-block-column is-layout-flow wp-block-column-is-layout-flow\" style=\"padding-left: 3vw;\">&#13;\n<h3 class=\"has-medium-font-size wp-block-heading\" style=\"text-transform: uppercase;\">PIEL\u0118GNACJA<\/h3>&#13;\n\r\n\r\n&#13;\n<p class=\"has-tiny-font-size wp-block-paragraph\">\u015awiat\u0142o s\u0142oneczne, ciep\u0142o i wilgo\u0107 przyspieszaj\u0105 matowienie, dlatego najlepiej jest przechowywa\u0107 bi\u017cuteri\u0119 w ch\u0142odnych, suchych miejscach, gdy jej nie u\u017cywasz. Przechowuj elementy osobno: przechowywanie element\u00f3w osobno zapobiega zarysowaniom bi\u017cuterii. <\/p>&#13;\n\r\n\r\n\r\n<div class=\"wp-block-spacer\" style=\"height: 50px;\" aria-hidden=\"true\">\u00a0<\/div>\r\n\r\n\r\n&#13;\n<p class=\"wp-block-paragraph\" style=\"font-size: 14px;\"><strong>Wysy\u0142amy nasze produkty do kraj\u00f3w na ca\u0142ym \u015bwiecie. <\/strong> Czas dostawy w Polsce to 2 dni robocze, w Europie &#8211; 4 dni robocze. Reszta \u015bwiata &#8211; czas jest szacowany w zale\u017cno\u015bci od kraju.<\/p>&#13;\n<\/div>\r\n<\/div>\r\n\r\n\r\n\r\n<div class=\"wp-block-spacer\" style=\"height: 100px;\" aria-hidden=\"true\">\u00a0<\/div>\r\n\r\n\r\n<\/div>\r\n<\/div>\r\n\r\n<div class=\"wp-block-spacer\" style=\"height: 100px;\" aria-hidden=\"true\">\u00a0<\/div>\r\n","protected":false},"excerpt":{"rendered":"<p>Pier\u015bcionek o organicznym kszta\u0142cie.<\/p>\n<p>Wykonane ze srebra pr\u00f3by 925.<\/p>\n","protected":false},"featured_media":6182,"comment_status":"closed","ping_status":"closed","template":"","meta":{"_crdt_document":""},"product_brand":[1830],"product_cat":[1811,1662],"product_tag":[2277,2223,2279,2282],"class_list":{"0":"post-9292","1":"product","2":"type-product","3":"status-publish","4":"has-post-thumbnail","6":"product_brand-fruitingbodies-pl","7":"product_cat-bizuteria-do-500-pln","8":"product_cat-pierscionki","9":"product_tag-bizuteria-unisex","10":"product_tag-bizuteria-srebrna","11":"product_tag-pierscionki","12":"product_tag-pierscionki-srebrne","14":"first","15":"instock","16":"purchasable","17":"product-type-variable"},"exclude_global_add_ons":[],"addons":[],"jetpack_sharing_enabled":true,"_links":{"self":[{"href":"https:\/\/rupt.store\/pl\/wp-json\/wp\/v2\/product\/9292","targetHints":{"allow":["GET"]}}],"collection":[{"href":"https:\/\/rupt.store\/pl\/wp-json\/wp\/v2\/product"}],"about":[{"href":"https:\/\/rupt.store\/pl\/wp-json\/wp\/v2\/types\/product"}],"replies":[{"embeddable":true,"href":"https:\/\/rupt.store\/pl\/wp-json\/wp\/v2\/comments?post=9292"}],"wp:featuredmedia":[{"embeddable":true,"href":"https:\/\/rupt.store\/pl\/wp-json\/wp\/v2\/media\/6182"}],"wp:attachment":[{"href":"https:\/\/rupt.store\/pl\/wp-json\/wp\/v2\/media?parent=9292"}],"wp:term":[{"taxonomy":"product_brand","embeddable":true,"href":"https:\/\/rupt.store\/pl\/wp-json\/wp\/v2\/product_brand?post=9292"},{"taxonomy":"product_cat","embeddable":true,"href":"https:\/\/rupt.store\/pl\/wp-json\/wp\/v2\/product_cat?post=9292"},{"taxonomy":"product_tag","embeddable":true,"href":"https:\/\/rupt.store\/pl\/wp-json\/wp\/v2\/product_tag?post=9292"}],"curies":[{"name":"wp","href":"https:\/\/api.w.org\/{rel}","templated":true}]}}