{"id":9200,"date":"2024-07-10T13:26:08","date_gmt":"2024-07-10T11:26:08","guid":{"rendered":"https:\/\/rupt.store\/product\/naszyjnik-z-onyksem-joli\/"},"modified":"2025-12-27T11:58:26","modified_gmt":"2025-12-27T10:58:26","slug":"naszyjnik-z-onyksem-joli","status":"publish","type":"product","link":"https:\/\/rupt.store\/pl\/produkt\/naszyjnik-z-onyksem-joli\/","title":{"rendered":"Naszyjnik JOLI Onyx"},"content":{"rendered":"\r\n<div class=\"wp-block-spacer\" style=\"height: 40px;\" aria-hidden=\"true\">\u00a0<\/div>\r\n\r\n<div class=\"wp-block-columns alignfull is-layout-flex wp-container-core-columns-is-layout-1a9244c7 wp-block-columns-is-layout-flex\">\r\n<div class=\"wp-block-column is-layout-flow wp-block-column-is-layout-flow\" style=\"flex-basis: 25%;\">&#13;\n<figure class=\"wp-block-image size-full\"><img data-recalc-dims=\"1\" loading=\"lazy\" decoding=\"async\" class=\"wp-image-434\" src=\"https:\/\/i0.wp.com\/rupt.store\/wp-content\/uploads\/2024\/07\/Belen_black.png?resize=200%2C100&#038;ssl=1\" width=\"200\" height=\"100\" alt=\"\" title=\"\"><\/figure>&#13;\n<figure class=\"wp-block-image size-full\"><img data-recalc-dims=\"1\" loading=\"lazy\" decoding=\"async\" class=\"wp-image-434\" src=\"https:\/\/i0.wp.com\/rupt.store\/wp-content\/uploads\/2024\/07\/IMG_0334.jpeg?resize=350%2C550&#038;ssl=1\" alt=\"\" width=\"350\" height=\"550\" title=\"\"><\/figure>&#13;\n<\/div>\r\n\r\n\r\n\r\n<div class=\"wp-block-column is-vertically-aligned-bottom is-layout-flow wp-block-column-is-layout-flow\" style=\"padding-left: 8vh; flex-basis: 75%;\">\r\n<div class=\"wp-block-columns are-vertically-aligned-bottom is-layout-flex wp-container-core-columns-is-layout-1a9244c7 wp-block-columns-is-layout-flex\">\r\n<div class=\"wp-block-column is-vertically-aligned-bottom is-layout-flow wp-block-column-is-layout-flow\">&#13;\n<h3 class=\"has-medium-font-size wp-block-heading\" style=\"text-transform: uppercase;\">MARKA<\/h3>&#13;\n\r\n\r\n&#13;\n<p class=\"has-tiny-font-size wp-block-paragraph\">Tw\u00f3rczyni Belen, Karolina Cagara nauki z zakresu z\u0142otnictwa oraz jubilerstwa pobiera\u0142a pod pilnym okiem warszawskich mistrz\u00f3w w Zespole Szk\u00f3\u0142 Rzemios\u0142 Artystycznych w Warszawie. Zwie\u0144czone pa\u0144stwowym egzaminem potwierdzaj\u0105cym kwalifikacje w zawodzie. Wcze\u015bniej odbywa\u0142a kursy mi\u0119dzy innymi z podstaw gemmologii. G\u0142\u00f3wnie koncentruje si\u0119 na per\u0142ach a pracuj\u0105c z metalami szlachetnymi skupia si\u0119 na formach geometrycznych, kt\u00f3re kontrastuj\u0105 z organiczno\u015bci\u0105 tych pierwszych. Wybiera per\u0142y jako wymowny efekt dzia\u0142ania mechanizm\u00f3w obronnych w naturze. Balans, poszukiwanie r\u00f3wnowagi to g\u0142\u00f3wny cel, kt\u00f3ry obiera w \u017cyciu oraz podczas tworzenia przedmiot\u00f3w.     <\/p>&#13;\n\r\n\r\n\r\n<div class=\"wp-block-spacer\" style=\"height: 50px;\" aria-hidden=\"true\">\u00a0<\/div>\r\n\r\n\r\n\r\n<div class=\"wp-block-spacer\" style=\"height: 5vw;\" aria-hidden=\"true\">\u00a0<\/div>\r\n<\/div>\r\n\r\n\r\n\r\n<div class=\"wp-block-column is-layout-flow wp-block-column-is-layout-flow\" style=\"padding-left: 3vw;\">&#13;\n<h3 class=\"has-medium-font-size wp-block-heading\" style=\"text-transform: uppercase;\">PIEL\u0118GNACJA<\/h3>&#13;\n\r\n\r\n&#13;\n<p class=\"has-tiny-font-size wp-block-paragraph\">Bi\u017cuteria jest zar\u00f3wno wyj\u0105tkowa, jak i delikatna. Nale\u017cy pami\u0119ta\u0107, \u017ce kamienie szlachetne, per\u0142y, srebro i z\u0142oto wymagaj\u0105 specjalnej piel\u0119gnacji. Nara\u017cenie na dzia\u0142anie substancji chemicznych, w tym krem\u00f3w i perfum, mo\u017ce spowodowa\u0107 uszkodzenia. Dlatego nale\u017cy zdejmowa\u0107 bi\u017cuteri\u0119 przed snem, k\u0105piel\u0105 lub aktywno\u015bci\u0105 fizyczn\u0105. Bi\u017cuteri\u0119, kt\u00f3ra nie jest noszona, najlepiej przechowywa\u0107 w oryginalnym pude\u0142ku na aksamitnej poduszce.    <\/p>&#13;\n\r\n\r\n\r\n<div class=\"wp-block-spacer\" style=\"height: 50px;\" aria-hidden=\"true\">\u00a0<\/div>\r\n\r\n\r\n&#13;\n<p class=\"wp-block-paragraph\" style=\"font-size: 14px;\"><strong>Wysy\u0142amy nasze produkty do kraj\u00f3w na ca\u0142ym \u015bwiecie. <\/strong> Czas dostawy w Polsce to 2 dni robocze, w Europie &#8211; 4 dni robocze. Reszta \u015bwiata &#8211; czas jest szacowany w zale\u017cno\u015bci od kraju.<\/p>&#13;\n<\/div>\r\n<\/div>\r\n\r\n\r\n\r\n<div class=\"wp-block-spacer\" style=\"height: 100px;\" aria-hidden=\"true\">\u00a0<\/div>\r\n\r\n\r\n<\/div>\r\n<\/div>\r\n\r\n<div class=\"wp-block-spacer\" style=\"height: 100px;\" aria-hidden=\"true\">\u00a0<\/div>\r\n","protected":false},"excerpt":{"rendered":"<p class=\"has-tiny-font-size\">Naszyjnik JOLI ONYX wykonany z pere\u0142 s\u0142odkowodnych przeplatanych matowym onyksem.<\/p>\n<p class=\"has-tiny-font-size\">Naszyjnik wykonany r\u0119cznie z pere\u0142 s\u0142odkowodnych, przeplatanych matowym onyksem. Wyko\u0144czony srebrnymi elementami i zapi\u0119ciem. <\/p>\n<p class=\"has-tiny-font-size\">D\u0142ugo\u015b\u0107 kamieni: 13 mm, \u015brednica pere\u0142 ok.: 5 mm<\/p>\n<p class=\"has-tiny-font-size\">D\u0142ugo\u015b\u0107 naszyjnika wynosi oko\u0142o 46 cm<\/p>\n","protected":false},"featured_media":41764,"comment_status":"closed","ping_status":"closed","template":"","meta":{"_crdt_document":""},"product_brand":[1839],"product_cat":[1811,1644,1807],"product_tag":[2057,2277,2062,2063,2223,2042,2065,2075,2067,2090],"class_list":{"0":"post-9200","1":"product","2":"type-product","3":"status-publish","4":"has-post-thumbnail","6":"product_brand-belen-pl","7":"product_cat-bizuteria-do-500-pln","8":"product_cat-naszyjniki","9":"product_cat-wysylka-w-24h","10":"product_tag-bizuteria-dla-mamy","11":"product_tag-bizuteria-unisex","12":"product_tag-bizuteria-z-kamieniami-naturalnymi","13":"product_tag-bizuteria-z-perlami","14":"product_tag-bizuteria-srebrna","15":"product_tag-chokery","16":"product_tag-naszyjniki","17":"product_tag-naszyjniki-krotkie","18":"product_tag-naszyjniki-z-kamieniami-naturalnymi","19":"product_tag-naszyjniki-z-perlami","21":"first","22":"instock","23":"purchasable","24":"product-type-simple"},"exclude_global_add_ons":[],"addons":[],"jetpack_sharing_enabled":true,"_links":{"self":[{"href":"https:\/\/rupt.store\/pl\/wp-json\/wp\/v2\/product\/9200","targetHints":{"allow":["GET"]}}],"collection":[{"href":"https:\/\/rupt.store\/pl\/wp-json\/wp\/v2\/product"}],"about":[{"href":"https:\/\/rupt.store\/pl\/wp-json\/wp\/v2\/types\/product"}],"replies":[{"embeddable":true,"href":"https:\/\/rupt.store\/pl\/wp-json\/wp\/v2\/comments?post=9200"}],"wp:featuredmedia":[{"embeddable":true,"href":"https:\/\/rupt.store\/pl\/wp-json\/wp\/v2\/media\/41764"}],"wp:attachment":[{"href":"https:\/\/rupt.store\/pl\/wp-json\/wp\/v2\/media?parent=9200"}],"wp:term":[{"taxonomy":"product_brand","embeddable":true,"href":"https:\/\/rupt.store\/pl\/wp-json\/wp\/v2\/product_brand?post=9200"},{"taxonomy":"product_cat","embeddable":true,"href":"https:\/\/rupt.store\/pl\/wp-json\/wp\/v2\/product_cat?post=9200"},{"taxonomy":"product_tag","embeddable":true,"href":"https:\/\/rupt.store\/pl\/wp-json\/wp\/v2\/product_tag?post=9200"}],"curies":[{"name":"wp","href":"https:\/\/api.w.org\/{rel}","templated":true}]}}