{"id":73181,"date":"2026-02-25T22:47:49","date_gmt":"2026-02-25T21:47:49","guid":{"rendered":"https:\/\/rupt.store\/?post_type=product&#038;p=73181"},"modified":"2026-04-07T15:50:59","modified_gmt":"2026-04-07T13:50:59","slug":"kolczyki-soavita","status":"publish","type":"product","link":"https:\/\/rupt.store\/pl\/produkt\/kolczyki-soavita\/","title":{"rendered":"Kolczyki Soavit\u00e0"},"content":{"rendered":"\r\n<div class=\"wp-block-spacer\" style=\"height: 40px;\" aria-hidden=\"true\">\u00a0<\/div>\r\n\r\n<div class=\"wp-block-columns alignfull is-layout-flex wp-container-core-columns-is-layout-1a9244c7 wp-block-columns-is-layout-flex\">\r\n<div class=\"wp-block-column is-layout-flow wp-block-column-is-layout-flow\" style=\"flex-basis: 25%;\">&#13;\n<figure class=\"wp-block-image size-full\"><img data-recalc-dims=\"1\" loading=\"lazy\" decoding=\"async\" class=\"wp-image-434\" src=\"https:\/\/i0.wp.com\/rupt.store\/wp-content\/uploads\/2026\/02\/Logo-1.png?resize=100%2C100&#038;ssl=1\" alt=\"\" width=\"100\" height=\"100\" title=\"\"><\/figure>&#13;\n<p><img data-recalc-dims=\"1\" loading=\"lazy\" decoding=\"async\" class=\"size-medium wp-image-8922 aligncenter\" src=\"https:\/\/i0.wp.com\/rupt.store\/wp-content\/uploads\/2026\/02\/4DE4ED03-65BD-4AF3-8121-718867FBCBB2_1_105_c.jpeg?resize=400%2C350&#038;ssl=1\" alt=\"\" width=\"400\" height=\"350\" title=\"\"><\/p>&#13;\n<\/div>\r\n\r\n\r\n\r\n<div class=\"wp-block-column is-vertically-aligned-bottom is-layout-flow wp-block-column-is-layout-flow\" style=\"padding-left: 8vh; flex-basis: 75%;\">\r\n<div class=\"wp-block-columns are-vertically-aligned-bottom is-layout-flex wp-container-core-columns-is-layout-1a9244c7 wp-block-columns-is-layout-flex\">\r\n<div class=\"wp-block-column is-vertically-aligned-bottom is-layout-flow wp-block-column-is-layout-flow\">&#13;\n<h3 class=\"has-medium-font-size wp-block-heading\" style=\"text-transform: uppercase;\">MARKA<\/h3>&#13;\n\r\n\r\n&#13;\n<p class=\"has-tiny-font-size wp-block-paragraph\">Perla Aurea to autorska marka bi\u017cuterii artystycznej, tworzona r\u0119cznie, powoli i z pe\u0142n\u0105 uwa\u017cno\u015bci\u0105. Ka\u017cdy projekt powstaje unikatow\u0105 metod\u0105 wosku traconego bez powt\u00f3rze\u0144, bez masowej produkcji, z dba\u0142o\u015bci\u0105 o ka\u017cdy detal. <\/p>&#13;\n<p class=\"has-tiny-font-size\">Inspiracj\u0105 s\u0105 delikatno\u015b\u0107 i niedoskona\u0142e pi\u0119kno natury: organiczne formy, mi\u0119kkie linie i subtelna asymetria. Bi\u017cuteria Perla Aurea to nie tylko dodatek; to osobisty talizman, opowie\u015b\u0107 o wra\u017cliwo\u015bci, sile i autentyczno\u015bci.<br\/> <\/p>&#13;\n<p class=\"has-tiny-font-size\">Ka\u017cdy element jest ma\u0142\u0105 rze\u017ab\u0105, fragmentem historii zapisanym w metalu, symbolem indywidualno\u015bci i wyj\u0105tkowo\u015bci.<\/p>&#13;\n\r\n\r\n\r\n<div class=\"wp-block-spacer\" style=\"height: 50px;\" aria-hidden=\"true\">\u00a0<\/div>\r\n\r\n\r\n\r\n<div class=\"wp-block-spacer\" style=\"height: 5vw;\" aria-hidden=\"true\">\u00a0<\/div>\r\n<\/div>\r\n\r\n\r\n\r\n<div class=\"wp-block-column is-layout-flow wp-block-column-is-layout-flow\" style=\"padding-left: 3vw;\">&#13;\n<h3 class=\"has-medium-font-size wp-block-heading\" style=\"text-transform: uppercase;\">PIEL\u0118GNACJA<\/h3>&#13;\n\r\n\r\n&#13;\n<p class=\"has-tiny-font-size wp-block-paragraph\">Bi\u017cuteria handmade powstaje z mi\u0119kkich stop\u00f3w, jest delikatna i bogata w detale. Odpowiednia troska pozwoli Ci cieszy\u0107 si\u0119 ni\u0105 przez wiele lat. Nie no\u015b bi\u017cuterii podczas k\u0105pieli, mycia r\u0105k, uprawiania sportu. Unikaj kontaktu z chemi\u0105 gospodarcz\u0105. Nie wystawiaj jej na d\u0142ugie dzia\u0142anie wilgoci. Je\u015bli bi\u017cuteria \u015bciemnieje, mo\u017cesz u\u017cy\u0107 wody z myd\u0142em lub specjalnej \u015bciereczki do czyszczenia srebra.<\/p>&#13;\n\r\n\r\n\r\n<div class=\"wp-block-spacer\" style=\"height: 50px;\" aria-hidden=\"true\">\u00a0<\/div>\r\n\r\n\r\n&#13;\n<p class=\"wp-block-paragraph\" style=\"font-size: 14px;\"><strong>Wysy\u0142amy nasze produkty do kraj\u00f3w na ca\u0142ym \u015bwiecie. <\/strong> Czas dostawy w Polsce to 2 dni robocze, w Europie &#8211; 4 dni robocze. Reszta \u015bwiata &#8211; czas jest szacowany w zale\u017cno\u015bci od kraju.<\/p>&#13;\n<\/div>\r\n<\/div>\r\n\r\n\r\n\r\n<div class=\"wp-block-spacer\" style=\"height: 100px;\" aria-hidden=\"true\">\u00a0<\/div>\r\n\r\n\r\n<\/div>\r\n<\/div>\r\n\r\n<div class=\"wp-block-spacer\" style=\"height: 100px;\" aria-hidden=\"true\">\u00a0<\/div>\r\n","protected":false},"excerpt":{"rendered":"<p>Zanurz si\u0119 w delikatnej elegancji z kolczykami Soavit\u00e0 \u2013 esencj\u0105 rze\u017abiarskiej formy i rzemie\u015blniczej precyzji. Soavit\u00e0, czyli w\u0142oska 'delikatno\u015b\u0107\u2019 lub '\u0142agodno\u015b\u0107\u2019, to obietnica subtelnej, a jednocze\u015bnie wyrafinowanej bi\u017cuterii, kt\u00f3ra doda blasku ka\u017cdej chwili, staj\u0105c si\u0119 intymnym akcentem Twojego stylu. <\/p>\n<p>Materia\u0142: srebro pr\u00f3by 925.<\/p>\n<p>Wymiary: 16 mm x 5 mm<\/p>\n<p>Waga: 3,5 g <\/p>\n<p>Wykonany r\u0119cznie w Polsce.<\/p>\n","protected":false},"featured_media":73185,"comment_status":"closed","ping_status":"closed","template":"","meta":{"_crdt_document":""},"product_brand":[2435],"product_cat":[1811,1609,1807],"product_tag":[2424,2440,2401],"class_list":{"0":"post-73181","1":"product","2":"type-product","3":"status-publish","4":"has-post-thumbnail","6":"product_brand-perla-aurea","7":"product_cat-bizuteria-do-500-pln","8":"product_cat-kolczyki","9":"product_cat-wysylka-w-24h","10":"product_tag-bizuteria-dla-niej-3","11":"product_tag-jewelry-for-him","12":"product_tag-silver-jewelry","14":"first","15":"instock","16":"shipping-taxable","17":"purchasable","18":"product-type-simple"},"exclude_global_add_ons":[],"addons":[],"jetpack_sharing_enabled":true,"_links":{"self":[{"href":"https:\/\/rupt.store\/pl\/wp-json\/wp\/v2\/product\/73181","targetHints":{"allow":["GET"]}}],"collection":[{"href":"https:\/\/rupt.store\/pl\/wp-json\/wp\/v2\/product"}],"about":[{"href":"https:\/\/rupt.store\/pl\/wp-json\/wp\/v2\/types\/product"}],"replies":[{"embeddable":true,"href":"https:\/\/rupt.store\/pl\/wp-json\/wp\/v2\/comments?post=73181"}],"wp:featuredmedia":[{"embeddable":true,"href":"https:\/\/rupt.store\/pl\/wp-json\/wp\/v2\/media\/73185"}],"wp:attachment":[{"href":"https:\/\/rupt.store\/pl\/wp-json\/wp\/v2\/media?parent=73181"}],"wp:term":[{"taxonomy":"product_brand","embeddable":true,"href":"https:\/\/rupt.store\/pl\/wp-json\/wp\/v2\/product_brand?post=73181"},{"taxonomy":"product_cat","embeddable":true,"href":"https:\/\/rupt.store\/pl\/wp-json\/wp\/v2\/product_cat?post=73181"},{"taxonomy":"product_tag","embeddable":true,"href":"https:\/\/rupt.store\/pl\/wp-json\/wp\/v2\/product_tag?post=73181"}],"curies":[{"name":"wp","href":"https:\/\/api.w.org\/{rel}","templated":true}]}}