{"id":72610,"date":"2026-02-17T21:46:44","date_gmt":"2026-02-17T20:46:44","guid":{"rendered":"https:\/\/rupt.store\/?post_type=product&#038;p=72610"},"modified":"2026-04-07T15:30:04","modified_gmt":"2026-04-07T13:30:04","slug":"jedwabna-scrunchie-icy-blue","status":"publish","type":"product","link":"https:\/\/rupt.store\/pl\/produkt\/jedwabna-scrunchie-icy-blue\/","title":{"rendered":"Jedwabna scrunchie icy blue"},"content":{"rendered":"\r\n<div class=\"wp-block-spacer\" style=\"height: 40px;\" aria-hidden=\"true\">\u00a0<\/div>\r\n\r\n<div class=\"wp-block-columns alignfull is-layout-flex wp-container-core-columns-is-layout-1a9244c7 wp-block-columns-is-layout-flex\">\r\n<div class=\"wp-block-column is-layout-flow wp-block-column-is-layout-flow\" style=\"flex-basis: 25%;\">&#13;\n<figure class=\"wp-block-image size-full\"><img data-recalc-dims=\"1\" loading=\"lazy\" decoding=\"async\" class=\"wp-image-434\" src=\"https:\/\/i0.wp.com\/rupt.store\/wp-content\/uploads\/2026\/02\/Bajka-Concept-LOGO.jpg?resize=150%2C150&#038;ssl=1\" alt=\"\" width=\"150\" height=\"150\" title=\"\"><\/figure>&#13;\n<figure class=\"wp-block-image size-full\"><img data-recalc-dims=\"1\" loading=\"lazy\" decoding=\"async\" class=\"wp-image-434\" src=\"https:\/\/i0.wp.com\/rupt.store\/wp-content\/uploads\/2026\/02\/Bajka-6.jpg?resize=300%2C500&#038;ssl=1\" alt=\"\" width=\"300\" height=\"500\" title=\"\"><\/figure>&#13;\n<\/div>\r\n\r\n\r\n\r\n<div class=\"wp-block-column is-vertically-aligned-bottom is-layout-flow wp-block-column-is-layout-flow\" style=\"padding-left: 8vh; flex-basis: 75%;\">\r\n<div class=\"wp-block-columns are-vertically-aligned-bottom is-layout-flex wp-container-core-columns-is-layout-1a9244c7 wp-block-columns-is-layout-flex\">\r\n<div class=\"wp-block-column is-vertically-aligned-bottom is-layout-flow wp-block-column-is-layout-flow\">&#13;\n<h3 class=\"has-medium-font-size wp-block-heading\" style=\"text-transform: uppercase;\">MARKA<\/h3>&#13;\n\r\n\r\n&#13;\n<p class=\"has-tiny-font-size wp-block-paragraph\">Bajka Concept to marka, kt\u00f3ra pr\u00f3buje uchwyci\u0107 zar\u00f3wno eteryczne jak i surowe pi\u0119kno ukryte w\u015br\u00f3d dzikich \u0142\u0105k, p\u00f3l, las\u00f3w i zachod\u00f3w s\u0142o\u0144ca. Ka\u017cdy spacer staje si\u0119 inspiracj\u0105, okazj\u0105 do snucia marze\u0144 i ma\u0142ych zachwyt\u00f3w. &#8222;Bajka to m\u00f3j w\u0142asny j\u0119zyk tw\u00f3rczy i odzwierciedlenie mnie, mojej wra\u017cliwo\u015bci na detale i zami\u0142owanie do jako\u015bci. Korzystam najcz\u0119\u015bciej z materia\u0142\u00f3w z drugiej r\u0119ki, bo wierz\u0119, \u017ce kryje si\u0119 w nich nieopowiedziane pi\u0119kno. Zbieram okruchy magii, by\u015b mog\u0142a je nosi\u0107 na co dzie\u0144. To marka dla romantycznych dusz i marzycielek&#8221;.  <\/p>&#13;\n\r\n\r\n\r\n<div class=\"wp-block-spacer\" style=\"height: 50px;\" aria-hidden=\"true\">\u00a0<\/div>\r\n\r\n\r\n\r\n<div class=\"wp-block-spacer\" style=\"height: 5vw;\" aria-hidden=\"true\">\u00a0<\/div>\r\n<\/div>\r\n\r\n\r\n\r\n<div class=\"wp-block-column is-layout-flow wp-block-column-is-layout-flow\" style=\"padding-left: 3vw;\">&#13;\n<h3 class=\"has-medium-font-size wp-block-heading\" style=\"text-transform: uppercase;\">PIEL\u0118GNACJA<\/h3>&#13;\n\r\n\r\n&#13;\n<p class=\"has-tiny-font-size wp-block-paragraph\">Nie pra\u0107 w pralce i nie prasowa\u0107. Kontakt z silnymi detergentami mo\u017ce odbarwi\u0107 jedwab. <\/p>&#13;\n\r\n\r\n\r\n<div class=\"wp-block-spacer\" style=\"height: 50px;\" aria-hidden=\"true\">\u00a0<\/div>\r\n\r\n\r\n&#13;\n<p class=\"wp-block-paragraph\" style=\"font-size: 14px;\"><strong>Wysy\u0142amy nasze produkty do kraj\u00f3w na ca\u0142ym \u015bwiecie. <\/strong> Czas dostawy w Polsce to 2 dni robocze, w Europie &#8211; 4 dni robocze. Reszta \u015bwiata &#8211; czas jest szacowany w zale\u017cno\u015bci od kraju.<\/p>&#13;\n<\/div>\r\n<\/div>\r\n\r\n\r\n\r\n<div class=\"wp-block-spacer\" style=\"height: 100px;\" aria-hidden=\"true\">\u00a0<\/div>\r\n\r\n\r\n<\/div>\r\n<\/div>\r\n\r\n<div class=\"wp-block-spacer\" style=\"height: 100px;\" aria-hidden=\"true\">\u00a0<\/div>\r\n","protected":false},"excerpt":{"rendered":"<p class=\"has-tiny-font-size\">Jedwabna gumka z koronk\u0105.<\/p>\n<p class=\"has-tiny-font-size\">Sk\u0142ad: 100% jedwab..<\/p>\n<p class=\"has-tiny-font-size\">\u015arednica: 12 cm.<\/p>\n<p class=\"has-tiny-font-size\">Z materia\u0142\u00f3w pochodz\u0105cych z recyklingu.<\/p>\n<p class=\"has-tiny-font-size\">Wykonany r\u0119cznie w Polsce.<\/p>\n<p class=\"has-tiny-font-size\">Powsta\u0142 w jednej kopii, unikat.<\/p>\n","protected":false},"featured_media":72618,"comment_status":"closed","ping_status":"closed","template":"","meta":{"_crdt_document":""},"product_brand":[2426],"product_cat":[2189,1807,1755],"product_tag":[2429],"class_list":{"0":"post-72610","1":"product","2":"type-product","3":"status-publish","4":"has-post-thumbnail","6":"product_brand-bajka-concept","7":"product_cat-unikaty","8":"product_cat-wysylka-w-24h","9":"product_cat-akcesoria","10":"product_tag-akcesoria-do-wlosow","12":"first","13":"instock","14":"shipping-taxable","15":"purchasable","16":"product-type-simple"},"exclude_global_add_ons":[],"addons":[],"jetpack_sharing_enabled":true,"_links":{"self":[{"href":"https:\/\/rupt.store\/pl\/wp-json\/wp\/v2\/product\/72610","targetHints":{"allow":["GET"]}}],"collection":[{"href":"https:\/\/rupt.store\/pl\/wp-json\/wp\/v2\/product"}],"about":[{"href":"https:\/\/rupt.store\/pl\/wp-json\/wp\/v2\/types\/product"}],"replies":[{"embeddable":true,"href":"https:\/\/rupt.store\/pl\/wp-json\/wp\/v2\/comments?post=72610"}],"wp:featuredmedia":[{"embeddable":true,"href":"https:\/\/rupt.store\/pl\/wp-json\/wp\/v2\/media\/72618"}],"wp:attachment":[{"href":"https:\/\/rupt.store\/pl\/wp-json\/wp\/v2\/media?parent=72610"}],"wp:term":[{"taxonomy":"product_brand","embeddable":true,"href":"https:\/\/rupt.store\/pl\/wp-json\/wp\/v2\/product_brand?post=72610"},{"taxonomy":"product_cat","embeddable":true,"href":"https:\/\/rupt.store\/pl\/wp-json\/wp\/v2\/product_cat?post=72610"},{"taxonomy":"product_tag","embeddable":true,"href":"https:\/\/rupt.store\/pl\/wp-json\/wp\/v2\/product_tag?post=72610"}],"curies":[{"name":"wp","href":"https:\/\/api.w.org\/{rel}","templated":true}]}}