{"id":69186,"date":"2026-01-16T10:36:54","date_gmt":"2026-01-16T09:36:54","guid":{"rendered":"https:\/\/rupt.store\/?post_type=product&#038;p=69186"},"modified":"2026-04-07T15:30:35","modified_gmt":"2026-04-07T13:30:35","slug":"pierscionek-jezyk","status":"publish","type":"product","link":"https:\/\/rupt.store\/pl\/produkt\/pierscionek-jezyk\/","title":{"rendered":"Pier\u015bcionek Je\u017cyk"},"content":{"rendered":"\r\n<div class=\"wp-block-spacer\" style=\"height: 40px;\" aria-hidden=\"true\">\u00a0<\/div>\r\n\r\n<div class=\"wp-block-columns alignfull is-layout-flex wp-container-core-columns-is-layout-1a9244c7 wp-block-columns-is-layout-flex\">\r\n<div class=\"wp-block-column is-layout-flow wp-block-column-is-layout-flow\" style=\"flex-basis: 25%;\">&#13;\n<figure class=\"wp-block-image size-full\"><img data-recalc-dims=\"1\" loading=\"lazy\" decoding=\"async\" class=\"wp-image-434\" src=\"https:\/\/i0.wp.com\/rupt.store\/wp-content\/uploads\/2026\/01\/logo_2.png?resize=50%2C50&#038;ssl=1\" alt=\"\" width=\"50\" height=\"50\" title=\"\"><\/figure>&#13;\n<figure class=\"wp-block-image size-full\"><img data-recalc-dims=\"1\" loading=\"lazy\" decoding=\"async\" class=\"wp-image-434\" src=\"https:\/\/i0.wp.com\/rupt.store\/wp-content\/uploads\/2026\/01\/Facetune_08-08-2024-17-01-28.jpg?resize=300%2C400&#038;ssl=1\" alt=\"\" width=\"300\" height=\"400\" title=\"\"><\/figure>&#13;\n<\/div>\r\n\r\n\r\n\r\n<div class=\"wp-block-column is-vertically-aligned-bottom is-layout-flow wp-block-column-is-layout-flow\" style=\"padding-left: 8vh; flex-basis: 75%;\">\r\n<div class=\"wp-block-columns are-vertically-aligned-bottom is-layout-flex wp-container-core-columns-is-layout-1a9244c7 wp-block-columns-is-layout-flex\">\r\n<div class=\"wp-block-column is-vertically-aligned-bottom is-layout-flow wp-block-column-is-layout-flow\">&#13;\n<h3 class=\"has-medium-font-size wp-block-heading\" style=\"text-transform: uppercase;\">MARKA<\/h3>&#13;\n\r\n\r\n&#13;\n<p class=\"has-tiny-font-size wp-block-paragraph\">Marima narodzi\u0142a si\u0119 z fascynacji morskimi g\u0142\u0119binami oraz zami\u0142owania do detalu. Organiczne formy i struktury inspirowane koralowcami stanowi\u0105 esencj\u0119 marki, kt\u00f3ra celebruje organizmy zamieszkuj\u0105ce najbardziej surowe i tajemnicze zak\u0105tki naszej Planety &#8211; ich kruche pi\u0119kno pe\u0142ne wewn\u0119trznej si\u0142y.<\/p>&#13;\n<p class=\"has-tiny-font-size\">Ka\u017cda Marima powstaje powoli, w d\u0142oniach Marii Litwinowicz &#8211; za\u0142o\u017cycielki marki &#8211; w ma\u0142ej pracowni na pozna\u0144skim \u0141azarzu.Rze\u017abiona w wosku, nast\u0119pnie odlewana w srebrze 925 i obrabiana r\u0119cznie bi\u017cuteria wykonana jest z dba\u0142o\u015bci\u0105 o ka\u017cdy szczeg\u00f3\u0142, a w procesie wykorzystywane s\u0105 metale szlachetne z drugiego obiegu. W naturze nic nie ginie &#8211; jedynie odradza si\u0119 w nowej formie.  <\/p>&#13;\n\r\n\r\n\r\n<div class=\"wp-block-spacer\" style=\"height: 50px;\" aria-hidden=\"true\">\u00a0<\/div>\r\n\r\n\r\n\r\n<div class=\"wp-block-spacer\" style=\"height: 5vw;\" aria-hidden=\"true\">\u00a0<\/div>\r\n<\/div>\r\n\r\n\r\n\r\n<div class=\"wp-block-column is-layout-flow wp-block-column-is-layout-flow\" style=\"padding-left: 3vw;\">&#13;\n<h3 class=\"has-medium-font-size wp-block-heading\" style=\"text-transform: uppercase;\">PIEL\u0118GNACJA<\/h3>&#13;\n\r\n\r\n&#13;\n<p class=\"has-tiny-font-size wp-block-paragraph\">Aby bi\u017cuteria jak najd\u0142u\u017cej utrzyma\u0142a sw\u00f3j blask chro\u0144 przed chemikaliami; detergentami, perfumami, lakierami itd.Unikaj kontaktu z wod\u0105 i wilgoci\u0105. Srebro z czasem ciemnieje, jest to powolny i naturalny, ale odwracalny proces. Je\u015bli twoja Marima zmatowieje, mo\u017cesz wyk\u0105pa\u0107 j\u0105 w ciep\u0142ej wodzie z myd\u0142em, usuwaj\u0105c mi\u0119kk\u0105 szczoteczk\u0105 wszelkie zabrudzenia. Nast\u0119pnie osusz delikatnie \u015bciereczk\u0105. No\u015b i kochaj.     <\/p>&#13;\n\r\n\r\n\r\n<div class=\"wp-block-spacer\" style=\"height: 50px;\" aria-hidden=\"true\">\u00a0<\/div>\r\n\r\n\r\n&#13;\n<p class=\"wp-block-paragraph\" style=\"font-size: 14px;\"><strong>Wysy\u0142amy nasze produkty do kraj\u00f3w na ca\u0142ym \u015bwiecie. <\/strong> Czas dostawy w Polsce to 2 dni robocze, w Europie &#8211; 4 dni robocze. Reszta \u015bwiata &#8211; czas jest szacowany w zale\u017cno\u015bci od kraju.<\/p>&#13;\n<\/div>\r\n<\/div>\r\n\r\n\r\n\r\n<div class=\"wp-block-spacer\" style=\"height: 100px;\" aria-hidden=\"true\">\u00a0<\/div>\r\n\r\n\r\n<\/div>\r\n<\/div>\r\n\r\n<div class=\"wp-block-spacer\" style=\"height: 100px;\" aria-hidden=\"true\">\u00a0<\/div>\r\n","protected":false},"excerpt":{"rendered":"<p class=\"has-tiny-font-size\">Pier\u015bcionek typu statement z subtelnymi wypustkami. Delikatny, a jednocze\u015bnie wyrazisty, dodaje charakteru ka\u017cdej stylizacji. <\/p>\n<p class=\"has-tiny-font-size\">Materia\u0142: srebro pr\u00f3by 925.<\/p>\n<p class=\"has-tiny-font-size\">Wykonana r\u0119cznie w Polsce metod\u0105 wosku traconego.<\/p>\n","protected":false},"featured_media":69194,"comment_status":"closed","ping_status":"closed","template":"","meta":{"_crdt_document":""},"product_brand":[2404],"product_cat":[1662,1811],"product_tag":[2409,2323,2440,2318,2401,2400],"class_list":{"0":"post-69186","1":"product","2":"type-product","3":"status-publish","4":"has-post-thumbnail","6":"product_brand-marima-pl","7":"product_cat-pierscionki","8":"product_cat-bizuteria-do-500-pln","9":"product_tag-bizuteria-dla-mamy-3","10":"product_tag-bizuteria-slubna-2","11":"product_tag-jewelry-for-him","12":"product_tag-pierscionki-2","13":"product_tag-silver-jewelry","14":"product_tag-unisex-jewelry","16":"first","17":"instock","18":"shipping-taxable","19":"purchasable","20":"product-type-variable"},"exclude_global_add_ons":[],"addons":[],"jetpack_sharing_enabled":true,"_links":{"self":[{"href":"https:\/\/rupt.store\/pl\/wp-json\/wp\/v2\/product\/69186","targetHints":{"allow":["GET"]}}],"collection":[{"href":"https:\/\/rupt.store\/pl\/wp-json\/wp\/v2\/product"}],"about":[{"href":"https:\/\/rupt.store\/pl\/wp-json\/wp\/v2\/types\/product"}],"replies":[{"embeddable":true,"href":"https:\/\/rupt.store\/pl\/wp-json\/wp\/v2\/comments?post=69186"}],"wp:featuredmedia":[{"embeddable":true,"href":"https:\/\/rupt.store\/pl\/wp-json\/wp\/v2\/media\/69194"}],"wp:attachment":[{"href":"https:\/\/rupt.store\/pl\/wp-json\/wp\/v2\/media?parent=69186"}],"wp:term":[{"taxonomy":"product_brand","embeddable":true,"href":"https:\/\/rupt.store\/pl\/wp-json\/wp\/v2\/product_brand?post=69186"},{"taxonomy":"product_cat","embeddable":true,"href":"https:\/\/rupt.store\/pl\/wp-json\/wp\/v2\/product_cat?post=69186"},{"taxonomy":"product_tag","embeddable":true,"href":"https:\/\/rupt.store\/pl\/wp-json\/wp\/v2\/product_tag?post=69186"}],"curies":[{"name":"wp","href":"https:\/\/api.w.org\/{rel}","templated":true}]}}