{"id":62621,"date":"2025-11-24T22:53:17","date_gmt":"2025-11-24T21:53:17","guid":{"rendered":"https:\/\/rupt.store\/?post_type=product&#038;p=62621"},"modified":"2026-04-07T15:23:32","modified_gmt":"2026-04-07T13:23:32","slug":"sygnet-fck-off","status":"publish","type":"product","link":"https:\/\/rupt.store\/pl\/produkt\/sygnet-fck-off\/","title":{"rendered":"Sygnet F**ck off"},"content":{"rendered":"\r\n<div class=\"wp-block-spacer\" style=\"height: 40px;\" aria-hidden=\"true\">\u00a0<\/div>\r\n\r\n<div class=\"wp-block-columns alignfull is-layout-flex wp-container-core-columns-is-layout-1a9244c7 wp-block-columns-is-layout-flex\">\r\n<div class=\"wp-block-column is-layout-flow wp-block-column-is-layout-flow\" style=\"flex-basis: 25%;\">&#13;\n<figure class=\"wp-block-image size-full\"><img data-recalc-dims=\"1\" loading=\"lazy\" decoding=\"async\" class=\"wp-image-434\" src=\"https:\/\/i0.wp.com\/rupt.store\/wp-content\/uploads\/2024\/09\/PicsArt_12-02-12.07.43-1.jpg?resize=100%2C100&#038;ssl=1\" width=\"100\" height=\"100\" alt=\"\" title=\"\"><\/figure>&#13;\n<figure class=\"wp-block-image size-full\"><img data-recalc-dims=\"1\" loading=\"lazy\" decoding=\"async\" class=\"wp-image-434\" src=\"https:\/\/i0.wp.com\/rupt.store\/wp-content\/uploads\/2024\/09\/IMG_20240422_103556_663.webp?resize=300%2C300&#038;ssl=1\" alt=\"\" width=\"300\" height=\"300\" title=\"\"><\/figure>&#13;\n<\/div>\r\n\r\n\r\n\r\n<div class=\"wp-block-column is-vertically-aligned-bottom is-layout-flow wp-block-column-is-layout-flow\" style=\"padding-left: 8vh; flex-basis: 75%;\">\r\n<div class=\"wp-block-columns are-vertically-aligned-bottom is-layout-flex wp-container-core-columns-is-layout-1a9244c7 wp-block-columns-is-layout-flex\">\r\n<div class=\"wp-block-column is-vertically-aligned-bottom is-layout-flow wp-block-column-is-layout-flow\">&#13;\n<h3 class=\"has-medium-font-size wp-block-heading\" style=\"text-transform: uppercase;\">MARKA<\/h3>&#13;\n\r\n\r\n&#13;\n<p class=\"has-tiny-font-size wp-block-paragraph\">MIUT to wsp\u00f3\u0142czesna marka bi\u017cuterii za\u0142o\u017cona przez Olg\u0119, z siedzib\u0105 w Krakowie, gdzie ka\u017cdy element jest projektowany i r\u0119cznie wykonywany. \u0141\u0105cz\u0105c tradycyjne rzemios\u0142o z nowoczesn\u0105 estetyk\u0105, bi\u017cuteria MIUT to symbol swobodnej elegancji i indywidualno\u015bci. <\/p>&#13;\n<p class=\"has-tiny-font-size\">Jak sama za\u0142o\u017cycielka opisuje: \u201eMoja bi\u017cuteria jest nonszalancka, uwalnia ludzk\u0105 natur\u0119 i kolor. Stoj\u0119 na granicy klasyki i nowej organicznej formy.\u201d<\/p>&#13;\n<p class=\"has-tiny-font-size\">Ka\u017cdy element jest wykonany z polskiego srebra ze starannie wyselekcjonowanymi kamieniami szlachetnymi.<\/p>&#13;\n\r\n\r\n\r\n<div class=\"wp-block-spacer\" style=\"height: 50px;\" aria-hidden=\"true\">\u00a0<\/div>\r\n\r\n\r\n\r\n<div class=\"wp-block-spacer\" style=\"height: 5vw;\" aria-hidden=\"true\">\u00a0<\/div>\r\n<\/div>\r\n\r\n<div class=\"wp-block-column is-layout-flow wp-block-column-is-layout-flow\" style=\"padding-left: 3vw;\">&#13;\n<h3 class=\"has-medium-font-size wp-block-heading\" style=\"text-transform: uppercase;\">PIEL\u0118GNACJA<\/h3>&#13;\n\r\n\r\n&#13;\n<p class=\"has-tiny-font-size wp-block-paragraph\">Zdejmij bi\u017cuteri\u0119, je\u015bli wykonujesz jak\u0105kolwiek czynno\u015b\u0107, kt\u00f3ra mo\u017ce j\u0105 zarysowa\u0107, uderzy\u0107 lub uszkodzi\u0107. Trzymaj j\u0105 z dala od chemikali\u00f3w. Przechowuj j\u0105 oddzielnie, z dala od \u015bwiat\u0142a s\u0142onecznego, nadmiernego ciep\u0142a lub wilgoci.<\/p>&#13;\n&#13;\n\r\n\r\n\r\n<div class=\"wp-block-spacer\" style=\"height: 50px;\" aria-hidden=\"true\">\u00a0<\/div>\r\n\r\n\r\n&#13;\n<p class=\"wp-block-paragraph\" style=\"font-size: 14px;\"><strong>Wysy\u0142amy nasze produkty do kraj\u00f3w na ca\u0142ym \u015bwiecie. <\/strong> Czas dostawy w Polsce to 2 dni robocze, w Europie &#8211; 4 dni robocze. Reszta \u015bwiata &#8211; czas jest szacowany w zale\u017cno\u015bci od kraju.<\/p>&#13;\n<\/div>\r\n<\/div>\n<p><!-- \/wp:post-content --><\/p>\n<p><!-- wp:spacer --><\/p>\n<div class=\"wp-block-spacer\" style=\"height: 100px;\" aria-hidden=\"true\"> <\/div>\n<p><!-- \/wp:spacer --><\/p>\n<p><!-- wp:paragraph {\"style\":{\"typography\":{\"fontSize\":\"14px\"}}} \/--><\/div>\n<p><!-- \/wp:column --><\/div>\n<p><!-- \/wp:columns --><\/p>\n<p><!-- wp:spacer --><\/p>\n<div class=\"wp-block-spacer\" style=\"height: 100px;\" aria-hidden=\"true\"> <\/div>\n<p><!-- \/wp:spacer --><\/p>\n","protected":false},"excerpt":{"rendered":"<p class=\"has-tiny-font-size\">Srebrny sygnet z grawerunkiem.<\/p>\n<p class=\"has-tiny-font-size\">Materia\u0142: Srebro pr\u00f3by 925<\/p>\n<p class=\"has-tiny-font-size\">Wykonany r\u0119cznie w Polsce.<\/p>\n<p class=\"has-tiny-font-size\">Ten przedmiot jest wykonywany r\u0119cznie w jednej kopii i mo\u017ce nieznacznie odbiega\u0107 od przedstawionych zdj\u0119\u0107.<\/p>\n","protected":false},"featured_media":62635,"comment_status":"closed","ping_status":"closed","template":"","meta":{"_crdt_document":""},"product_brand":[1840],"product_cat":[1662,1807],"product_tag":[2440,2401,2322,2400],"class_list":{"0":"post-62621","1":"product","2":"type-product","3":"status-publish","4":"has-post-thumbnail","6":"product_brand-miut-pl","7":"product_cat-pierscionki","8":"product_cat-wysylka-w-24h","9":"product_tag-jewelry-for-him","10":"product_tag-silver-jewelry","11":"product_tag-sygnety-2","12":"product_tag-unisex-jewelry","14":"first","15":"instock","16":"purchasable","17":"product-type-variable"},"exclude_global_add_ons":[],"addons":[],"jetpack_sharing_enabled":true,"_links":{"self":[{"href":"https:\/\/rupt.store\/pl\/wp-json\/wp\/v2\/product\/62621","targetHints":{"allow":["GET"]}}],"collection":[{"href":"https:\/\/rupt.store\/pl\/wp-json\/wp\/v2\/product"}],"about":[{"href":"https:\/\/rupt.store\/pl\/wp-json\/wp\/v2\/types\/product"}],"replies":[{"embeddable":true,"href":"https:\/\/rupt.store\/pl\/wp-json\/wp\/v2\/comments?post=62621"}],"wp:featuredmedia":[{"embeddable":true,"href":"https:\/\/rupt.store\/pl\/wp-json\/wp\/v2\/media\/62635"}],"wp:attachment":[{"href":"https:\/\/rupt.store\/pl\/wp-json\/wp\/v2\/media?parent=62621"}],"wp:term":[{"taxonomy":"product_brand","embeddable":true,"href":"https:\/\/rupt.store\/pl\/wp-json\/wp\/v2\/product_brand?post=62621"},{"taxonomy":"product_cat","embeddable":true,"href":"https:\/\/rupt.store\/pl\/wp-json\/wp\/v2\/product_cat?post=62621"},{"taxonomy":"product_tag","embeddable":true,"href":"https:\/\/rupt.store\/pl\/wp-json\/wp\/v2\/product_tag?post=62621"}],"curies":[{"name":"wp","href":"https:\/\/api.w.org\/{rel}","templated":true}]}}