{"id":55623,"date":"2025-09-18T12:50:08","date_gmt":"2025-09-18T10:50:08","guid":{"rendered":"https:\/\/rupt.store\/?post_type=product&#038;p=55623"},"modified":"2025-12-30T18:53:09","modified_gmt":"2025-12-30T17:53:09","slug":"pierscien-domek","status":"publish","type":"product","link":"https:\/\/rupt.store\/pl\/produkt\/pierscien-domek\/","title":{"rendered":"Pier\u015bcie\u0144 Domek"},"content":{"rendered":"\r\n<div class=\"wp-block-spacer\" style=\"height: 40px;\" aria-hidden=\"true\">\u00a0<\/div>\r\n\r\n<div class=\"wp-block-columns alignfull is-layout-flex wp-container-core-columns-is-layout-1a9244c7 wp-block-columns-is-layout-flex\">\r\n<div class=\"wp-block-column is-layout-flow wp-block-column-is-layout-flow\" style=\"flex-basis: 25%;\">&#13;\n<figure class=\"wp-block-image size-full\"><img data-recalc-dims=\"1\" loading=\"lazy\" decoding=\"async\" class=\"wp-image-434\" src=\"https:\/\/i0.wp.com\/rupt.store\/wp-content\/uploads\/2025\/09\/todoro-logo-00.png?resize=150%2C30&#038;ssl=1\" alt=\"\" width=\"150\" height=\"30\" title=\"\"><\/figure>&#13;\n<figure class=\"wp-block-image size-full\"><img data-recalc-dims=\"1\" loading=\"lazy\" decoding=\"async\" class=\"wp-image-434\" src=\"https:\/\/i0.wp.com\/rupt.store\/wp-content\/uploads\/2025\/09\/Todoro-41.jpg?resize=400%2C600&#038;ssl=1\" alt=\"\" width=\"400\" height=\"600\" title=\"\"><\/figure>&#13;\n<\/div>\r\n\r\n\r\n\r\n<div class=\"wp-block-column is-vertically-aligned-bottom is-layout-flow wp-block-column-is-layout-flow\" style=\"padding-left: 8vh; flex-basis: 75%;\">\r\n<div class=\"wp-block-columns are-vertically-aligned-bottom is-layout-flex wp-container-core-columns-is-layout-1a9244c7 wp-block-columns-is-layout-flex\">\r\n<div class=\"wp-block-column is-vertically-aligned-bottom is-layout-flow wp-block-column-is-layout-flow\">&#13;\n<h3 class=\"has-medium-font-size wp-block-heading\" style=\"text-transform: uppercase;\">MARKA<\/h3>&#13;\n\r\n\r\n&#13;\n<p class=\"has-tiny-font-size wp-block-paragraph\">Sercem TODORO jest pracownia z\u0142otnicza. Nasza bi\u017cuteria powstaje w kr\u00f3tkich seriach, jest r\u0119cznie wykonywana. Korzystamy z materia\u0142\u00f3w szlachetnych, srebra, z\u0142ota, kamieni naturalnych. Tworzenie bi\u017cuterii jest dla nas polem dla zderze\u0144 punkt\u00f3w widzenia, spotka\u0144 r\u00f3\u017cnych wyobra\u017ani, cenimy proces. Spotkacie u nas niepowtarzalne, oryginalne modele, z kt\u00f3rymi trudno si\u0119 rozsta\u0107 odk\u0105d zagoszcz\u0105 na ciele.   <\/p>&#13;\n<p class=\"has-tiny-font-size\">Bi\u017cuteria to zasadniczo bezu\u017cyteczne przedmioty, s\u0105 ma\u0142ymi kawa\u0142kami metalu czy kamienia, kt\u00f3re potrafi\u0105 osi\u0105ga\u0107 absurdalnie wysokie ceny. Niezwyk\u0142e jest w nich to, \u017ce staj\u0105 si\u0119 no\u015bnikami emocji, wyobra\u017ani \u2013 to niezale\u017cne od materia\u0142u i magiczne. Cenimy to, \u017ce za projektami kryj\u0105 si\u0119 ciekawe historie, to, \u017ce bi\u017cu wychodz\u0105ca z naszej pracowni staje si\u0119 amuletem, atrybutem dodaj\u0105cym mocy. <\/p>&#13;\n\r\n\r\n\r\n<div class=\"wp-block-spacer\" style=\"height: 50px;\" aria-hidden=\"true\">\u00a0<\/div>\r\n\r\n\r\n\r\n<div class=\"wp-block-spacer\" style=\"height: 5vw;\" aria-hidden=\"true\">\u00a0<\/div>\r\n<\/div>\r\n\r\n\r\n\r\n<div class=\"wp-block-column is-layout-flow wp-block-column-is-layout-flow\" style=\"padding-left: 3vw;\">&#13;\n<h3 class=\"has-medium-font-size wp-block-heading\" style=\"text-transform: uppercase;\">PIEL\u0118GNACJA<\/h3>&#13;\n\r\n\r\n&#13;\n<p class=\"has-tiny-font-size wp-block-paragraph\">Bi\u017cuteria, jak wszystko co pi\u0119kne, wymaga piel\u0119gnacji i specjalnego traktowania. Srebro nie powinno by\u0107 nara\u017cone na dzia\u0142anie detergent\u00f3w i innych agresywnych chemikali\u00f3w (w tym perfum i kosmetyk\u00f3w). Srebro jest bardzo wra\u017cliwe na zwi\u0105zki siarki w powietrzu. Warto przechowywa\u0107 produkty w szczelnych i neutralnych chemicznie pude\u0142kach, do produkcji kt\u00f3rych nie u\u017cywa si\u0119 toksycznych klej\u00f3w, kt\u00f3re cz\u0119sto zawieraj\u0105 zwi\u0105zki siarki.    Powierzchniowe zabrudzenia mo\u017cna usuwa\u0107 za pomoc\u0105 specjalnych \u015bciereczek do srebra i srebra poz\u0142acanego. Zawieraj\u0105 one w swojej strukturze zwi\u0105zki chemiczne, kt\u00f3re delikatnie czyszcz\u0105 i nab\u0142yszczaj\u0105 powierzchni\u0119 metalu. Polecamy r\u00f3wnie\u017c specjalne p\u0142yny do czyszczenia bi\u017cuterii.<\/p>&#13;\n\r\n\r\n\r\n<div class=\"wp-block-spacer\" style=\"height: 50px;\" aria-hidden=\"true\">\u00a0<\/div>\r\n\r\n\r\n&#13;\n<p class=\"wp-block-paragraph\" style=\"font-size: 14px;\"><strong>Wysy\u0142amy nasze produkty do kraj\u00f3w na ca\u0142ym \u015bwiecie. <\/strong> Czas dostawy w Polsce to 2 dni robocze, w Europie &#8211; 4 dni robocze. Reszta \u015bwiata &#8211; czas jest szacowany w zale\u017cno\u015bci od kraju.<\/p>&#13;\n<\/div>\r\n<\/div>\r\n\r\n\r\n\r\n<div class=\"wp-block-spacer\" style=\"height: 100px;\" aria-hidden=\"true\">\u00a0<\/div>\r\n\r\n\r\n<\/div>\r\n<\/div>\r\n\r\n<div class=\"wp-block-spacer\" style=\"height: 100px;\" aria-hidden=\"true\">\u00a0<\/div>\r\n","protected":false},"excerpt":{"rendered":"<p class=\"has-tiny-font-size\">Pier\u015bcionek o geometrycznym kszta\u0142cie, r\u0119cznie wykonany ze srebra pr\u00f3by 925, \u0142\u0105cz\u0105cy nowoczesny design z precyzyjnym rzemios\u0142em. Idealny dla os\u00f3b ceni\u0105cych unikaln\u0105, r\u0119cznie robion\u0105 bi\u017cuteri\u0119 srebrn\u0105. <\/p>\n<p class=\"has-tiny-font-size\">Materia\u0142: srebro pr\u00f3by 925<\/p>\n<p class=\"has-tiny-font-size\">Rozmiar: 16<\/p>\n<p class=\"has-tiny-font-size\">Produkt wykonany w Polsce.<\/p>\n","protected":false},"featured_media":55625,"comment_status":"closed","ping_status":"closed","template":"","meta":{"_crdt_document":""},"product_brand":[2234],"product_cat":[1662,1807],"product_tag":[2277,2223,2279,2282,2278],"class_list":{"0":"post-55623","1":"product","2":"type-product","3":"status-publish","4":"has-post-thumbnail","6":"product_brand-todoro-pl","7":"product_cat-pierscionki","8":"product_cat-wysylka-w-24h","9":"product_tag-bizuteria-unisex","10":"product_tag-bizuteria-srebrna","11":"product_tag-pierscionki","12":"product_tag-pierscionki-srebrne","13":"product_tag-sygnety","15":"first","16":"instock","17":"purchasable","18":"product-type-simple"},"exclude_global_add_ons":[],"addons":[],"jetpack_sharing_enabled":true,"_links":{"self":[{"href":"https:\/\/rupt.store\/pl\/wp-json\/wp\/v2\/product\/55623","targetHints":{"allow":["GET"]}}],"collection":[{"href":"https:\/\/rupt.store\/pl\/wp-json\/wp\/v2\/product"}],"about":[{"href":"https:\/\/rupt.store\/pl\/wp-json\/wp\/v2\/types\/product"}],"replies":[{"embeddable":true,"href":"https:\/\/rupt.store\/pl\/wp-json\/wp\/v2\/comments?post=55623"}],"wp:featuredmedia":[{"embeddable":true,"href":"https:\/\/rupt.store\/pl\/wp-json\/wp\/v2\/media\/55625"}],"wp:attachment":[{"href":"https:\/\/rupt.store\/pl\/wp-json\/wp\/v2\/media?parent=55623"}],"wp:term":[{"taxonomy":"product_brand","embeddable":true,"href":"https:\/\/rupt.store\/pl\/wp-json\/wp\/v2\/product_brand?post=55623"},{"taxonomy":"product_cat","embeddable":true,"href":"https:\/\/rupt.store\/pl\/wp-json\/wp\/v2\/product_cat?post=55623"},{"taxonomy":"product_tag","embeddable":true,"href":"https:\/\/rupt.store\/pl\/wp-json\/wp\/v2\/product_tag?post=55623"}],"curies":[{"name":"wp","href":"https:\/\/api.w.org\/{rel}","templated":true}]}}