{"id":46749,"date":"2025-08-11T22:56:25","date_gmt":"2025-08-11T20:56:25","guid":{"rendered":"https:\/\/rupt.store\/?post_type=product&#038;p=46749"},"modified":"2026-04-07T14:09:33","modified_gmt":"2026-04-07T12:09:33","slug":"kolczyki-gemstones-hoops-small-topaz","status":"publish","type":"product","link":"https:\/\/rupt.store\/pl\/produkt\/kolczyki-gemstones-hoops-small-topaz\/","title":{"rendered":"Kolczyki Gemstones Hoops Small z topazem"},"content":{"rendered":"\r\n<div class=\"wp-block-spacer\" style=\"height: 40px;\" aria-hidden=\"true\">\u00a0<\/div>\r\n\r\n<div class=\"wp-block-columns alignfull is-layout-flex wp-container-core-columns-is-layout-1a9244c7 wp-block-columns-is-layout-flex\">\r\n<div class=\"wp-block-column is-layout-flow wp-block-column-is-layout-flow\" style=\"flex-basis: 25%;\">&#13;\n<figure class=\"wp-block-image size-full\"><img data-recalc-dims=\"1\" loading=\"lazy\" decoding=\"async\" class=\"wp-image-434\" src=\"https:\/\/i0.wp.com\/rupt.store\/wp-content\/uploads\/2025\/07\/s1cugn65hg1ct5a5f20231017100401.jpeg?resize=150%2C50&#038;ssl=1\" alt=\"\" width=\"150\" height=\"50\" title=\"\"><\/figure>&#13;\n<figure class=\"wp-block-image size-full\"><img data-recalc-dims=\"1\" loading=\"lazy\" decoding=\"async\" class=\"wp-image-434\" src=\"https:\/\/i0.wp.com\/rupt.store\/wp-content\/uploads\/2025\/07\/IMG_4467-3-1.jpg?resize=400%2C500&#038;ssl=1\" alt=\"\" width=\"400\" height=\"500\" title=\"\"><\/figure>&#13;\n<\/div>\r\n\r\n\r\n\r\n<div class=\"wp-block-column is-vertically-aligned-bottom is-layout-flow wp-block-column-is-layout-flow\" style=\"padding-left: 8vh; flex-basis: 75%;\">\r\n<div class=\"wp-block-columns are-vertically-aligned-bottom is-layout-flex wp-container-core-columns-is-layout-1a9244c7 wp-block-columns-is-layout-flex\">\r\n<div class=\"wp-block-column is-vertically-aligned-bottom is-layout-flow wp-block-column-is-layout-flow\">&#13;\n<h3 class=\"has-medium-font-size wp-block-heading\" style=\"text-transform: uppercase;\">MARKA<\/h3>&#13;\n\r\n\r\n&#13;\n<p class=\"has-tiny-font-size wp-block-paragraph\">Wiktoria Tao tworzy bi\u017cuteri\u0119, kt\u00f3ra przyci\u0105ga wzrok b\u0142yszcz\u0105cymi, kolorowymi kamieniami naturalnymi jak i nieoczywistymi formami. Jej pier\u015bcionki i kolczyki wygl\u0105daj\u0105, jakby wysz\u0142y prosto z morskiej rafy czy g\u00f3rskiego urwiska, a jednak doskonale odnajduj\u0105 si\u0119 w wielkomiejskich stylizacjach. Projektantka \u0142\u0105czy tradycyjne rzemios\u0142o jubilerskie z nowoczesnymi formami, a bi\u017cuteria jest dla niej rze\u017ab\u0105 u\u017cytkow\u0105 &#8211; wyrazist\u0105 i przyci\u0105gaj\u0105c\u0105 uwag\u0119 &#8211; nie tylko na specjalne okazje, ale na co dzie\u0144. Prace Wiktorii powstaj\u0105 r\u0119cznie &#8211; ka\u017cdy projekt jest najpierw rze\u017abiony w wosku jubilerskim, a nast\u0119pnie odlewany w srebrze 925 i starannie r\u0119cznie wyka\u0144czany w sopockiej pracowni.    <\/p>&#13;\n\r\n\r\n\r\n<div class=\"wp-block-spacer\" style=\"height: 50px;\" aria-hidden=\"true\">\u00a0<\/div>\r\n\r\n\r\n\r\n<div class=\"wp-block-spacer\" style=\"height: 5vw;\" aria-hidden=\"true\">\u00a0<\/div>\r\n<\/div>\r\n\r\n\r\n\r\n<div class=\"wp-block-column is-layout-flow wp-block-column-is-layout-flow\" style=\"padding-left: 3vw;\">&#13;\n<h3 class=\"has-medium-font-size wp-block-heading\" style=\"text-transform: uppercase;\">PIEL\u0118GNACJA<\/h3>&#13;\n\r\n\r\n&#13;\n<p class=\"has-tiny-font-size wp-block-paragraph\">Przechowuj bi\u017cuteri\u0119 w ch\u0142odnym, suchym miejscu, oddzielaj\u0105c poszczeg\u00f3lne elementy, aby unikn\u0105\u0107 zarysowa\u0144 \u2013 najlepiej w oryginalnym pude\u0142ku lub zamkni\u0119tym woreczku. Unikaj kontaktu bi\u017cuterii z chemikaliami, perfumami i kosmetykami. Zawsze zdejmuj j\u0105 przed k\u0105piel\u0105, p\u0142ywaniem oraz wykonywaniem prac fizycznych lub domowych.   <\/p>&#13;\n\r\n\r\n\r\n<div class=\"wp-block-spacer\" style=\"height: 50px;\" aria-hidden=\"true\">\u00a0<\/div>\r\n\r\n\r\n&#13;\n<p class=\"wp-block-paragraph\" style=\"font-size: 14px;\"><strong>Wysy\u0142amy nasze produkty do kraj\u00f3w na ca\u0142ym \u015bwiecie. <\/strong> Czas dostawy w Polsce to 2 dni robocze, w Europie &#8211; 4 dni robocze. Reszta \u015bwiata &#8211; czas jest szacowany w zale\u017cno\u015bci od kraju.<\/p>&#13;\n<\/div>\r\n<\/div>\r\n\r\n\r\n\r\n<div class=\"wp-block-spacer\" style=\"height: 100px;\" aria-hidden=\"true\">\u00a0<\/div>\r\n\r\n\r\n<\/div>\r\n<\/div>\r\n\r\n<div class=\"wp-block-spacer\" style=\"height: 100px;\" aria-hidden=\"true\">\u00a0<\/div>\r\n","protected":false},"excerpt":{"rendered":"<p class=\"has-tiny-font-size\">Nieregularne kolczyki ko\u0142a z niebieskim topazem \u2013 wyrazista ozdoba \u0142\u0105cz\u0105ca organiczne formy z ponadczasow\u0105 elegancj\u0105.<\/p>\n<p class=\"has-tiny-font-size\">Materia\u0142: Srebro 925, kamie\u0144: topaz.<\/p>\n<p class=\"has-tiny-font-size\">D\u0142ugo\u015b\u0107: ok. 1.8 cm; kamie\u0144: 6 x 4 mm <\/p>\n<p class=\"has-tiny-font-size\">Produkt wykonany r\u0119cznie w Polsce.<\/p>\n","protected":false},"featured_media":46751,"comment_status":"closed","ping_status":"closed","template":"","meta":{"_crdt_document":""},"product_brand":[2187],"product_cat":[1811,1609,1807],"product_tag":[2409,2424,2317,2320,2341,2408,2399,2420,2359,2361,2358,2360,2401],"class_list":{"0":"post-46749","1":"product","2":"type-product","3":"status-publish","4":"has-post-thumbnail","6":"product_brand-wiktoria-tao-pl","7":"product_cat-bizuteria-do-500-pln","8":"product_cat-kolczyki","9":"product_cat-wysylka-w-24h","10":"product_tag-bizuteria-dla-mamy-3","11":"product_tag-bizuteria-dla-niej-3","12":"product_tag-bizuteria-na-walentynki-2","13":"product_tag-bizuteria-unisex-2","14":"product_tag-bizuteria-z-kamieniami-naturalnymi-2","15":"product_tag-bizuteria-ze-srebra","16":"product_tag-jewelry-for-valentines-day","17":"product_tag-jewelry-with-natural-stones","18":"product_tag-kolczyki-2","19":"product_tag-kolczyki-srebrne-2","20":"product_tag-kolczyki-wiszace-2","21":"product_tag-kolczyki-z-kamieniami-naturalnymi-2","22":"product_tag-silver-jewelry","24":"first","25":"instock","26":"shipping-taxable","27":"purchasable","28":"product-type-simple"},"exclude_global_add_ons":[],"addons":[],"jetpack_sharing_enabled":true,"_links":{"self":[{"href":"https:\/\/rupt.store\/pl\/wp-json\/wp\/v2\/product\/46749","targetHints":{"allow":["GET"]}}],"collection":[{"href":"https:\/\/rupt.store\/pl\/wp-json\/wp\/v2\/product"}],"about":[{"href":"https:\/\/rupt.store\/pl\/wp-json\/wp\/v2\/types\/product"}],"replies":[{"embeddable":true,"href":"https:\/\/rupt.store\/pl\/wp-json\/wp\/v2\/comments?post=46749"}],"wp:featuredmedia":[{"embeddable":true,"href":"https:\/\/rupt.store\/pl\/wp-json\/wp\/v2\/media\/46751"}],"wp:attachment":[{"href":"https:\/\/rupt.store\/pl\/wp-json\/wp\/v2\/media?parent=46749"}],"wp:term":[{"taxonomy":"product_brand","embeddable":true,"href":"https:\/\/rupt.store\/pl\/wp-json\/wp\/v2\/product_brand?post=46749"},{"taxonomy":"product_cat","embeddable":true,"href":"https:\/\/rupt.store\/pl\/wp-json\/wp\/v2\/product_cat?post=46749"},{"taxonomy":"product_tag","embeddable":true,"href":"https:\/\/rupt.store\/pl\/wp-json\/wp\/v2\/product_tag?post=46749"}],"curies":[{"name":"wp","href":"https:\/\/api.w.org\/{rel}","templated":true}]}}