{"id":46440,"date":"2025-08-05T22:56:31","date_gmt":"2025-08-05T20:56:31","guid":{"rendered":"https:\/\/rupt.store\/?post_type=product&#038;p=46440"},"modified":"2026-03-18T14:12:51","modified_gmt":"2026-03-18T13:12:51","slug":"bransoletka-charmsy","status":"publish","type":"product","link":"https:\/\/rupt.store\/pl\/produkt\/bransoletka-charmsy\/","title":{"rendered":"Bransoletka Charms"},"content":{"rendered":"\r\n<div class=\"wp-block-spacer\" style=\"height: 40px;\" aria-hidden=\"true\">\u00a0<\/div>\r\n\r\n<div class=\"wp-block-columns alignfull is-layout-flex wp-container-core-columns-is-layout-1a9244c7 wp-block-columns-is-layout-flex\">\r\n<div class=\"wp-block-column is-layout-flow wp-block-column-is-layout-flow\" style=\"flex-basis: 25%;\">&#13;\n<figure class=\"wp-block-image size-full\"><img data-recalc-dims=\"1\" loading=\"lazy\" decoding=\"async\" class=\"wp-image-434\" src=\"https:\/\/i0.wp.com\/rupt.store\/wp-content\/uploads\/2024\/02\/Screenshot-2024-02-29-at-19.23.20.png?resize=120%2C30&#038;ssl=1\" alt=\"\" width=\"120\" height=\"30\" title=\"\"><\/figure>&#13;\n<figure class=\"wp-block-image size-full\"><img data-recalc-dims=\"1\" loading=\"lazy\" decoding=\"async\" class=\"wp-image-434\" src=\"https:\/\/i0.wp.com\/rupt.store\/wp-content\/uploads\/2024\/02\/naszyjnik-z-labradorytem-ze-srebrnym.png?resize=300%2C300&#038;ssl=1\" alt=\"\" width=\"300\" height=\"300\" title=\"\"><\/figure>&#13;\n<\/div>\r\n\r\n\r\n\r\n<div class=\"wp-block-column is-vertically-aligned-bottom is-layout-flow wp-block-column-is-layout-flow\" style=\"padding-left: 8vh; flex-basis: 75%;\">\r\n<div class=\"wp-block-columns are-vertically-aligned-bottom is-layout-flex wp-container-core-columns-is-layout-1a9244c7 wp-block-columns-is-layout-flex\">\r\n<div class=\"wp-block-column is-vertically-aligned-bottom is-layout-flow wp-block-column-is-layout-flow\">&#13;\n<h3 class=\"has-medium-font-size wp-block-heading\" style=\"text-transform: uppercase;\">MARKA<\/h3>&#13;\n\r\n\r\n&#13;\n<p class=\"wp-block-paragraph\">BEMOON to marka za\u0142o\u017cona przez Monik\u0119 Bednarek, projektantk\u0119 bi\u017cuterii, jubilerk\u0119, rzeczoznawc\u0119 kamieni szlachetnych. W BEMOON kochamy to, co naturalne i wierzymy, \u017ce bi\u017cuteria dodaje temu odrobin\u0119 magii. W kwestii tworzenia nigdy nie idziemy na skr\u00f3ty. Jubilerstwo to sztuka, a prawdziwa bi\u017cuteria jest wieczna. Dlatego nasze wyroby powstaj\u0105 wy\u0142\u0105cznie ze szlachetnych materia\u0142\u00f3w i personalizujemy je zgodnie z Waszymi \u017cyczeniami. Jako\u015b\u0107 ozd\u00f3b powsta\u0142ych w naszej pracowni to efekt \u015bwiadomych wybor\u00f3w. Wsp\u00f3\u0142pracujemy z najlepszymi producentami w Polsce i na \u015bwiecie, znamy si\u0119 na cudownej mocy natury, a kamienie i metale szlachetne wybieramy kieruj\u0105c si\u0119 zasad\u0105 fairtrade. Czerpiemy z natury i odp\u0142acamy jej si\u0119 tym, co najlepsze! Wszystko to razem sprawia, \u017ce nasza bi\u017cuteria jest wyj\u0105tkowa i magiczna &#8211; w harmonii z cia\u0142em i duchem.<\/p>&#13;\n\r\n\r\n\r\n<div class=\"wp-block-spacer\" style=\"height: 50px;\" aria-hidden=\"true\">\u00a0<\/div>\r\n\r\n\r\n\r\n<div class=\"wp-block-spacer\" style=\"height: 5vw;\" aria-hidden=\"true\">\u00a0<\/div>\r\n<\/div>\r\n\r\n\r\n\r\n<div class=\"wp-block-column is-layout-flow wp-block-column-is-layout-flow\" style=\"padding-left: 3vw;\">&#13;\n<h3 class=\"has-medium-font-size wp-block-heading\" style=\"text-transform: uppercase;\">PIEL\u0118GNACJA<\/h3>&#13;\n\r\n\r\n&#13;\n<p class=\"has-tiny-font-size wp-block-paragraph\">Czerpiemy z natury i odp\u0142acamy jej si\u0119 tym, co najlepsze! Bi\u017cuteri\u0119 pakujemy w ekologiczne pude\u0142ko i do\u0142\u0105czamy \u015bciereczk\u0119 do czyszczenia. Opakowanie posiada certyfikat FSC\u00ae. Oznacza to, \u017ce drewno pozyskane do jego produkcji nie wp\u0142ywa negatywnie na bogactwo biologiczne i struktur\u0119 las\u00f3w. Wszystko to razem sprawia, \u017ce nasza bi\u017cuteria jest wyj\u0105tkowa i magiczna &#8211; w harmonii z cia\u0142em i duchem. No\u015b bi\u017cuteri\u0119 tak, jak lubisz, ale pami\u0119taj, aby odk\u0142ada\u0107 j\u0105 z powrotem do pude\u0142ka, gdy k\u0142adziesz si\u0119 spa\u0107 lub bierzesz k\u0105piel. Od czasu do czasu nale\u017cy przetrze\u0107 j\u0105 do\u0142\u0105czon\u0105 \u015bciereczk\u0105.<\/p>&#13;\n\r\n\r\n\r\n<div class=\"wp-block-spacer\" style=\"height: 50px;\" aria-hidden=\"true\">\u00a0<\/div>\r\n\r\n\r\n&#13;\n<p class=\"wp-block-paragraph\" style=\"font-size: 14px;\"><strong>Wysy\u0142amy nasze produkty do kraj\u00f3w na ca\u0142ym \u015bwiecie. <\/strong> Czas dostawy w Polsce to 2 dni robocze, w Europie &#8211; 4 dni robocze. Reszta \u015bwiata &#8211; czas jest szacowany w zale\u017cno\u015bci od kraju.<\/p>&#13;\n<\/div>\r\n<\/div>\r\n\r\n\r\n\r\n<div class=\"wp-block-spacer\" style=\"height: 100px;\" aria-hidden=\"true\">\u00a0<\/div>\r\n\r\n\r\n<\/div>\r\n<\/div>\r\n\r\n<div class=\"wp-block-spacer\" style=\"height: 100px;\" aria-hidden=\"true\">\u00a0<\/div>\r\n","protected":false},"excerpt":{"rendered":"<p class=\"has-tiny-font-size\">Srebrna bransoletka z zawieszkami.<\/p>\n<p class=\"has-tiny-font-size\">D\u0142ugo\u015b\u0107: max 20 cm<\/p>\n<p class=\"has-tiny-font-size\">Materia\u0142: srebro pr\u00f3by 925, naturalna per\u0142a.<\/p>\n<p class=\"has-tiny-font-size\">Stw\u00f3rz zestaw z innymi elementami bi\u017cuterii <a href=\"https:\/\/rupt.store\/pl\/brand\/bemoon-pl\/\">BEMOON<\/a>.<\/p>\n","protected":false},"featured_media":46450,"comment_status":"closed","ping_status":"closed","template":"","meta":{"_crdt_document":""},"product_brand":[1834],"product_cat":[1809,1653,1807],"product_tag":[2057,2424,2063,2281,2037,2077,2399,2401,2400,2041],"class_list":{"0":"post-46440","1":"product","2":"type-product","3":"status-publish","4":"has-post-thumbnail","6":"product_brand-bemoon-pl","7":"product_cat-bizuteria-do-270-pln","8":"product_cat-bransoletki","9":"product_cat-wysylka-w-24h","10":"product_tag-bizuteria-dla-mamy","11":"product_tag-bizuteria-dla-niej-3","12":"product_tag-bizuteria-z-perlami","13":"product_tag-bizuteria-z-zawieszkami","14":"product_tag-bransoletki","15":"product_tag-bransoletki-srebrne","16":"product_tag-jewelry-for-valentines-day","17":"product_tag-silver-jewelry","18":"product_tag-unisex-jewelry","19":"product_tag-lancuszki-z-przywieszkami","21":"first","22":"instock","23":"shipping-taxable","24":"purchasable","25":"product-type-simple"},"exclude_global_add_ons":[],"addons":[],"jetpack_sharing_enabled":true,"_links":{"self":[{"href":"https:\/\/rupt.store\/pl\/wp-json\/wp\/v2\/product\/46440","targetHints":{"allow":["GET"]}}],"collection":[{"href":"https:\/\/rupt.store\/pl\/wp-json\/wp\/v2\/product"}],"about":[{"href":"https:\/\/rupt.store\/pl\/wp-json\/wp\/v2\/types\/product"}],"replies":[{"embeddable":true,"href":"https:\/\/rupt.store\/pl\/wp-json\/wp\/v2\/comments?post=46440"}],"wp:featuredmedia":[{"embeddable":true,"href":"https:\/\/rupt.store\/pl\/wp-json\/wp\/v2\/media\/46450"}],"wp:attachment":[{"href":"https:\/\/rupt.store\/pl\/wp-json\/wp\/v2\/media?parent=46440"}],"wp:term":[{"taxonomy":"product_brand","embeddable":true,"href":"https:\/\/rupt.store\/pl\/wp-json\/wp\/v2\/product_brand?post=46440"},{"taxonomy":"product_cat","embeddable":true,"href":"https:\/\/rupt.store\/pl\/wp-json\/wp\/v2\/product_cat?post=46440"},{"taxonomy":"product_tag","embeddable":true,"href":"https:\/\/rupt.store\/pl\/wp-json\/wp\/v2\/product_tag?post=46440"}],"curies":[{"name":"wp","href":"https:\/\/api.w.org\/{rel}","templated":true}]}}