{"id":41528,"date":"2025-06-26T21:41:58","date_gmt":"2025-06-26T19:41:58","guid":{"rendered":"https:\/\/rupt.store\/?post_type=product&#038;p=41528"},"modified":"2026-02-25T21:15:11","modified_gmt":"2026-02-25T20:15:11","slug":"kolczyki-aphrodite","status":"publish","type":"product","link":"https:\/\/rupt.store\/pl\/produkt\/kolczyki-aphrodite\/","title":{"rendered":"Kolczyki Aphrodite"},"content":{"rendered":"\r\n<div class=\"wp-block-spacer\" style=\"height: 40px;\" aria-hidden=\"true\">\u00a0<\/div>\r\n\r\n<div class=\"wp-block-columns alignfull is-layout-flex wp-container-core-columns-is-layout-1a9244c7 wp-block-columns-is-layout-flex\">\r\n<div class=\"wp-block-column is-layout-flow wp-block-column-is-layout-flow\" style=\"flex-basis: 25%;\">&#13;\n<figure class=\"wp-block-image size-full\"><img data-recalc-dims=\"1\" loading=\"lazy\" decoding=\"async\" class=\"wp-image-434\" src=\"https:\/\/i0.wp.com\/rupt.store\/wp-content\/uploads\/2025\/01\/chuckaboo_logo_online_ciemne.png?resize=250%2C50&#038;ssl=1\" alt=\"\" width=\"250\" height=\"50\" title=\"\"><\/figure>&#13;\n<figure class=\"wp-block-image size-full\"><img data-recalc-dims=\"1\" loading=\"lazy\" decoding=\"async\" class=\"wp-image-434\" src=\"https:\/\/i0.wp.com\/rupt.store\/wp-content\/uploads\/2025\/01\/IMG_3278.jpg?resize=400%2C500&#038;ssl=1\" alt=\"\" width=\"400\" height=\"500\" title=\"\"><\/figure>&#13;\n<\/div>\r\n\r\n\r\n\r\n<div class=\"wp-block-column is-vertically-aligned-bottom is-layout-flow wp-block-column-is-layout-flow\" style=\"padding-left: 8vh; flex-basis: 75%;\">\r\n<div class=\"wp-block-columns are-vertically-aligned-bottom is-layout-flex wp-container-core-columns-is-layout-1a9244c7 wp-block-columns-is-layout-flex\">\r\n<div class=\"wp-block-column is-vertically-aligned-bottom is-layout-flow wp-block-column-is-layout-flow\">&#13;\n<h3 class=\"has-medium-font-size wp-block-heading\" style=\"text-transform: uppercase;\">MARKA<\/h3>&#13;\n\r\n\r\n&#13;\n<p class=\"has-tiny-font-size wp-block-paragraph\">CHUCKABOO to ma\u0142a marka, w kt\u00f3rej ka\u017cdy element jest starannie, r\u0119cznie robiony w pozna\u0144skiej pracowni. Powsta\u0142a z zami\u0142owania do sztuki u\u017cytkowej i miejskiego stylu. Ca\u0142y proces \u2013 od projektowania, przez produkcj\u0119, a\u017c po logistyk\u0119 to \u201eone-women-show\u201d Nikoli Richter- za\u0142o\u017cycielki marki. Podchodzi do tradycyjnych technik z\u0142otniczych w niekonwencjonalny spos\u00f3b, aby stworzy\u0107 sw\u00f3j w\u0142asny, niepowtarzalny styl. W jej projektach mo\u017cna odnale\u017a\u0107 r\u00f3\u017cne faktury, organiczne kszta\u0142ty przypominaj\u0105ce znaleziska z zatopionych statk\u00f3w oraz elementy inspirowane ornamentami z dawnych epok. To po\u0142\u0105czenie nowoczesno\u015bci i przesz\u0142o\u015bci pozwala tworzy\u0107 bi\u017cuteri\u0119 o wyj\u0105tkowym charakterze.<\/p>&#13;\n<p class=\"has-tiny-font-size\">CHUCKABOO to s\u0142owo wywodz\u0105ce si\u0119 z XVIII-wiecznego slangu, oznaczaj\u0105ce najbli\u017cszego przyjaciela. Marka stawia sobie za cel budowanie wi\u0119zi i tworzenie bi\u017cuterii, kt\u00f3ra staje si\u0119 czym\u015b wi\u0119cej ni\u017c ozdob\u0105 \u2013 najlepszym przyjacielem, talizmanem, wyrazem indywidualnego stylu i cz\u0119\u015bci\u0105 osobistej historii. <\/p>&#13;\n<p class=\"has-tiny-font-size\">Wszystkie wyroby tworzone s\u0105 z wysokiej jako\u015bci materia\u0142\u00f3w, takich jak srebro pr\u00f3by 925, naturalne kamienie szlachetne oraz jedwab. Chuckaboo wytwarza bi\u017cuteri\u0119 z szacunkiem do Matki Ziemi, doceniaj\u0105c jej dary. Z tego wzgl\u0119du marka skupia si\u0119 na produkcji na zam\u00f3wienie. W swoich projektach wykorzystuje srebro pochodz\u0105ce z recyklingu, wsp\u00f3\u0142pracuje z lokalnymi dostawcami i stosuje ekologiczne opakowania.   <\/p>&#13;\n\r\n\r\n\r\n<div class=\"wp-block-spacer\" style=\"height: 50px;\" aria-hidden=\"true\">\u00a0<\/div>\r\n\r\n\r\n\r\n<div class=\"wp-block-spacer\" style=\"height: 5vw;\" aria-hidden=\"true\">\u00a0<\/div>\r\n<\/div>\r\n\r\n\r\n\r\n<div class=\"wp-block-column is-layout-flow wp-block-column-is-layout-flow\" style=\"padding-left: 3vw;\">&#13;\n<h3 class=\"has-medium-font-size wp-block-heading\" style=\"text-transform: uppercase;\">PIEL\u0118GNACJA<\/h3>&#13;\n\r\n\r\n&#13;\n<p class=\"has-tiny-font-size wp-block-paragraph\">Aby w\u0142a\u015bciwie zadba\u0107 o srebrn\u0105 bi\u017cuteri\u0119, regularnie poleruj j\u0105 szmatk\u0105, kt\u00f3r\u0105 znajdziesz w zestawie z zam\u00f3wieniem. Przechowuj bi\u017cuteri\u0119 w ch\u0142odnym i suchym miejscu, oddzielaj\u0105c poszczeg\u00f3lne elementy, aby unikn\u0105\u0107 rysowania \u2013 najlepiej w oryginalnym pude\u0142ku lub szczelnym woreczku. Nasze opakowania s\u0105 ekologiczne i posiadaj\u0105 certyfikat FSC \u00ae. Unikaj kontaktu bi\u017cuterii z chemikaliami, perfumami i kosmetykami. Zawsze zdejmuj j\u0105 przed k\u0105piel\u0105, p\u0142ywaniem oraz wykonywaniem prac fizycznych czy domowych.<\/p>&#13;\n\r\n\r\n\r\n<div class=\"wp-block-spacer\" style=\"height: 50px;\" aria-hidden=\"true\">\u00a0<\/div>\r\n\r\n\r\n&#13;\n<p class=\"wp-block-paragraph\" style=\"font-size: 14px;\"><strong>Wysy\u0142amy nasze produkty do kraj\u00f3w na ca\u0142ym \u015bwiecie. <\/strong> Czas dostawy w Polsce to 2 dni robocze, w Europie &#8211; 4 dni robocze. Reszta \u015bwiata &#8211; czas jest szacowany w zale\u017cno\u015bci od kraju.<\/p>&#13;\n<\/div>\r\n<\/div>\r\n\r\n\r\n\r\n<div class=\"wp-block-spacer\" style=\"height: 100px;\" aria-hidden=\"true\">\u00a0<\/div>\r\n\r\n\r\n<\/div>\r\n<\/div>\r\n\r\n<div class=\"wp-block-spacer\" style=\"height: 100px;\" aria-hidden=\"true\">\u00a0<\/div>\r\n","protected":false},"excerpt":{"rendered":"<p class=\"has-tiny-font-size\">Srebrne kolczyki typu twisted hoop. Wykonane staro\u017cytn\u0105 japo\u0144sk\u0105 technik\u0105 Mitsuro Hikime. <\/p>\n<p class=\"has-tiny-font-size\">Srebro pr\u00f3by 925. Waga jednego kolczyka oko\u0142o 4.5 g, \u015brednica: 2.5 cm<\/p>\n<p class=\"has-tiny-font-size\">Ka\u017cdy produkt jest wykonany r\u0119cznie i mo\u017ce si\u0119 nieznacznie r\u00f3\u017cni\u0107 od pokazanego na zdj\u0119ciu.<\/p>\n","protected":false},"featured_media":41962,"comment_status":"closed","ping_status":"closed","template":"","meta":{"_crdt_document":""},"product_brand":[2105],"product_cat":[1609,1807],"product_tag":[2057,2424,2087,2399,2045,2080,2043,2401,2400],"class_list":{"0":"post-41528","1":"product","2":"type-product","3":"status-publish","4":"has-post-thumbnail","6":"product_brand-chuckaboo-pl","7":"product_cat-kolczyki","8":"product_cat-wysylka-w-24h","9":"product_tag-bizuteria-dla-mamy","10":"product_tag-bizuteria-dla-niej-3","11":"product_tag-bizuteria-slubna","12":"product_tag-jewelry-for-valentines-day","13":"product_tag-kolczyki","14":"product_tag-kolczyki-srebrne","15":"product_tag-kolczyki-wiszace","16":"product_tag-silver-jewelry","17":"product_tag-unisex-jewelry","19":"first","20":"instock","21":"shipping-taxable","22":"purchasable","23":"product-type-simple"},"exclude_global_add_ons":[],"addons":[],"jetpack_sharing_enabled":true,"_links":{"self":[{"href":"https:\/\/rupt.store\/pl\/wp-json\/wp\/v2\/product\/41528","targetHints":{"allow":["GET"]}}],"collection":[{"href":"https:\/\/rupt.store\/pl\/wp-json\/wp\/v2\/product"}],"about":[{"href":"https:\/\/rupt.store\/pl\/wp-json\/wp\/v2\/types\/product"}],"replies":[{"embeddable":true,"href":"https:\/\/rupt.store\/pl\/wp-json\/wp\/v2\/comments?post=41528"}],"wp:featuredmedia":[{"embeddable":true,"href":"https:\/\/rupt.store\/pl\/wp-json\/wp\/v2\/media\/41962"}],"wp:attachment":[{"href":"https:\/\/rupt.store\/pl\/wp-json\/wp\/v2\/media?parent=41528"}],"wp:term":[{"taxonomy":"product_brand","embeddable":true,"href":"https:\/\/rupt.store\/pl\/wp-json\/wp\/v2\/product_brand?post=41528"},{"taxonomy":"product_cat","embeddable":true,"href":"https:\/\/rupt.store\/pl\/wp-json\/wp\/v2\/product_cat?post=41528"},{"taxonomy":"product_tag","embeddable":true,"href":"https:\/\/rupt.store\/pl\/wp-json\/wp\/v2\/product_tag?post=41528"}],"curies":[{"name":"wp","href":"https:\/\/api.w.org\/{rel}","templated":true}]}}