{"id":38982,"date":"2025-05-26T12:23:42","date_gmt":"2025-05-26T10:23:42","guid":{"rendered":"https:\/\/rupt.store\/?post_type=product&#038;p=38982"},"modified":"2026-04-03T15:38:28","modified_gmt":"2026-04-03T13:38:28","slug":"kolczyki-drops","status":"publish","type":"product","link":"https:\/\/rupt.store\/pl\/produkt\/kolczyki-drops\/","title":{"rendered":"Kolczyki Drops"},"content":{"rendered":"\r\n<div class=\"wp-block-spacer\" style=\"height: 40px;\" aria-hidden=\"true\">\u00a0<\/div>\r\n\r\n<div class=\"wp-block-columns alignfull is-layout-flex wp-container-core-columns-is-layout-1a9244c7 wp-block-columns-is-layout-flex\">\r\n<div class=\"wp-block-column is-layout-flow wp-block-column-is-layout-flow\" style=\"flex-basis: 25%;\">&#13;\n<figure class=\"wp-block-image size-full\"><img data-recalc-dims=\"1\" loading=\"lazy\" decoding=\"async\" class=\"wp-image-434\" src=\"https:\/\/i0.wp.com\/rupt.store\/wp-content\/uploads\/2025\/05\/DO-WYRZUCENIA.png?resize=130%2C30&#038;ssl=1\" alt=\"\" width=\"130\" height=\"30\" title=\"\"><\/figure>&#13;\n<figure class=\"wp-block-image size-full\"><img data-recalc-dims=\"1\" loading=\"lazy\" decoding=\"async\" class=\"wp-image-434\" src=\"https:\/\/i0.wp.com\/rupt.store\/wp-content\/uploads\/2025\/05\/Zrzut-ekranu-2025-05-25-o-21.08.02.png?resize=300%2C400&#038;ssl=1\" alt=\"\" width=\"300\" height=\"400\" title=\"\"><\/figure>&#13;\n<\/div>\r\n\r\n\r\n\r\n<div class=\"wp-block-column is-vertically-aligned-bottom is-layout-flow wp-block-column-is-layout-flow\" style=\"padding-left: 8vh; flex-basis: 75%;\">\r\n<div class=\"wp-block-columns are-vertically-aligned-bottom is-layout-flex wp-container-core-columns-is-layout-1a9244c7 wp-block-columns-is-layout-flex\">\r\n<div class=\"wp-block-column is-vertically-aligned-bottom is-layout-flow wp-block-column-is-layout-flow\">&#13;\n<h3 class=\"has-medium-font-size wp-block-heading\" style=\"text-transform: uppercase;\">MARKA<\/h3>&#13;\n\r\n\r\n&#13;\n<p class=\"wp-block-paragraph\">Marka SAVVY skupia si\u0119 na unikatowej bi\u017cuterii tworzonej g\u0142\u00f3wnie w z\u0142ocie, srebrze oraz srebrze poz\u0142acanym, \u0142\u0105cz\u0105cej techniki rze\u017abiarskie z jubilerskimi. Projekty s\u0105 nieidealne, cz\u0119sto surowe, a sw\u00f3j rze\u017abiarski, unikatowy charakter zachowuj\u0105 poprzez faktur\u0119 i detale. Ka\u017cdy obiekt tworzony jest r\u0119cznie od wyrze\u017abienia w wosku, poprzez odlew, po wyko\u0144czenie detali, dzi\u0119ki temu r\u00f3\u017cni si\u0119 od siebie i jest niepowtarzalny.  <\/p>&#13;\n<p>Mark\u0119 za\u0142o\u017cy\u0142a w 2014 roku Aleksandra G\u00f3recka, kt\u00f3ra jest absolwentk\u0105 Wydzia\u0142u Rze\u017aby i Dzia\u0142a\u0144 Przestrzennych na Uniwersytecie Artystycznym w Poznaniu. Sw\u00f3j dyplom licencjacki zrealizowa\u0142a w pracowni ma\u0142ej formy rze\u017abiarskiej. <\/p>&#13;\n\r\n\r\n\r\n<div class=\"wp-block-spacer\" style=\"height: 50px;\" aria-hidden=\"true\">\u00a0<\/div>\r\n\r\n\r\n\r\n<div class=\"wp-block-spacer\" style=\"height: 5vw;\" aria-hidden=\"true\">\u00a0<\/div>\r\n<\/div>\r\n\r\n\r\n\r\n<div class=\"wp-block-column is-layout-flow wp-block-column-is-layout-flow\" style=\"padding-left: 3vw;\">&#13;\n<h3 class=\"has-medium-font-size wp-block-heading\" style=\"text-transform: uppercase;\">PIEL\u0118GNACJA<\/h3>&#13;\n\r\n\r\n&#13;\n<p class=\"has-tiny-font-size wp-block-paragraph\">Aby zachowa\u0107 estetyk\u0119 i trwa\u0142o\u015b\u0107 srebrnej oraz z\u0142oconej bi\u017cuterii, nale\u017cy przestrzega\u0107 kilku podstawowych zasad piel\u0119gnacji:<\/p>&#13;\n<p class=\"has-tiny-font-size\">Srebrna bi\u017cuteria \u2013 srebro z czasem mo\u017ce ulega\u0107 oksydacji, dlatego warto przechowywa\u0107 je w suchym miejscu, najlepiej w zamkni\u0119tym pude\u0142ku lub woreczku antyoksydacyjnym. Nale\u017cy unika\u0107 kontaktu z wod\u0105, perfumami i detergentami. W razie zabrudze\u0144 bi\u017cuteri\u0119 mo\u017cna czy\u015bci\u0107 mi\u0119kk\u0105 \u015bciereczk\u0105 lub specjalnym preparatem do srebra.  <\/p>&#13;\n<p class=\"has-tiny-font-size\">Z\u0142ocona bi\u017cuteria \u2013 warstwa z\u0142ocenia jest delikatna i podatna na \u015bcieranie, dlatego zaleca si\u0119 unikanie kontaktu z wod\u0105, kosmetykami i chemikaliami.&#13;\n<\/p><p class=\"has-tiny-font-size\">Bi\u017cuteri\u0119 nale\u017cy przechowywa\u0107 osobno, aby unikn\u0105\u0107 zarysowa\u0144, a do czyszczenia u\u017cywa\u0107 wy\u0142\u0105cznie mi\u0119kkiej, suchej \u015bciereczki. Regularna i odpowiednia piel\u0119gnacja pozwoli zachowa\u0107 pi\u0119kno bi\u017cuterii na d\u0142ugi czas. <\/p>&#13;\n\r\n\r\n\r\n<div class=\"wp-block-spacer\" style=\"height: 50px;\" aria-hidden=\"true\">\u00a0<\/div>\r\n\r\n\r\n&#13;\n<p class=\"wp-block-paragraph\" style=\"font-size: 14px;\"><strong>Wysy\u0142amy nasze produkty do kraj\u00f3w na ca\u0142ym \u015bwiecie. <\/strong> Czas dostawy w Polsce to 2 dni robocze, w Europie &#8211; 4 dni robocze. Reszta \u015bwiata &#8211; czas jest szacowany w zale\u017cno\u015bci od kraju.<\/p>&#13;\n<\/div>\r\n<\/div>\r\n\r\n\r\n\r\n<div class=\"wp-block-spacer\" style=\"height: 100px;\" aria-hidden=\"true\">\u00a0<\/div>\r\n\r\n\r\n<\/div>\r\n<\/div>\r\n\r\n<div class=\"wp-block-spacer\" style=\"height: 100px;\" aria-hidden=\"true\">\u00a0<\/div>\r\n","protected":false},"excerpt":{"rendered":"<p class=\"has-tiny-font-size\">Wisz\u0105ce kolczyki z motywem p\u0142yn\u0105cej kropli.<\/p>\n<p class=\"has-tiny-font-size\">Srebro pr\u00f3by 925.<\/p>\n<p class=\"has-tiny-font-size\">D\u0142ugo\u015b\u0107: 3,3 cm<\/p>\n<p class=\"has-tiny-font-size\">Wielko\u015b\u0107 i kszta\u0142t zam\u00f3wionych kolczyk\u00f3w mo\u017ce nieznacznie r\u00f3\u017cni\u0107 si\u0119 od tych na zdj\u0119ciach. Ka\u017cdy model wykonywany jest r\u0119cznie, co \u015bwiadczy o jego unikatowo\u015bci i niepowtarzalno\u015bci. Zdj\u0119cia s\u0142u\u017c\u0105 jako przyk\u0142ady wykonanych realizacji.  <\/p>\n","protected":false},"featured_media":38986,"comment_status":"closed","ping_status":"closed","template":"","meta":{"_crdt_document":""},"product_brand":[2169],"product_cat":[1811,1609,1807],"product_tag":[2057,2424,2087,2399,2045,2080,2043,2401],"class_list":{"0":"post-38982","1":"product","2":"type-product","3":"status-publish","4":"has-post-thumbnail","6":"product_brand-savvy-pl","7":"product_cat-bizuteria-do-500-pln","8":"product_cat-kolczyki","9":"product_cat-wysylka-w-24h","10":"product_tag-bizuteria-dla-mamy","11":"product_tag-bizuteria-dla-niej-3","12":"product_tag-bizuteria-slubna","13":"product_tag-jewelry-for-valentines-day","14":"product_tag-kolczyki","15":"product_tag-kolczyki-srebrne","16":"product_tag-kolczyki-wiszace","17":"product_tag-silver-jewelry","19":"first","20":"instock","21":"shipping-taxable","22":"purchasable","23":"product-type-simple"},"exclude_global_add_ons":[],"addons":[],"jetpack_sharing_enabled":true,"_links":{"self":[{"href":"https:\/\/rupt.store\/pl\/wp-json\/wp\/v2\/product\/38982","targetHints":{"allow":["GET"]}}],"collection":[{"href":"https:\/\/rupt.store\/pl\/wp-json\/wp\/v2\/product"}],"about":[{"href":"https:\/\/rupt.store\/pl\/wp-json\/wp\/v2\/types\/product"}],"replies":[{"embeddable":true,"href":"https:\/\/rupt.store\/pl\/wp-json\/wp\/v2\/comments?post=38982"}],"wp:featuredmedia":[{"embeddable":true,"href":"https:\/\/rupt.store\/pl\/wp-json\/wp\/v2\/media\/38986"}],"wp:attachment":[{"href":"https:\/\/rupt.store\/pl\/wp-json\/wp\/v2\/media?parent=38982"}],"wp:term":[{"taxonomy":"product_brand","embeddable":true,"href":"https:\/\/rupt.store\/pl\/wp-json\/wp\/v2\/product_brand?post=38982"},{"taxonomy":"product_cat","embeddable":true,"href":"https:\/\/rupt.store\/pl\/wp-json\/wp\/v2\/product_cat?post=38982"},{"taxonomy":"product_tag","embeddable":true,"href":"https:\/\/rupt.store\/pl\/wp-json\/wp\/v2\/product_tag?post=38982"}],"curies":[{"name":"wp","href":"https:\/\/api.w.org\/{rel}","templated":true}]}}