{"id":37166,"date":"2025-05-15T11:20:05","date_gmt":"2025-05-15T09:20:05","guid":{"rendered":"https:\/\/rupt.store\/?post_type=product&#038;p=37166"},"modified":"2026-03-10T12:15:22","modified_gmt":"2026-03-10T11:15:22","slug":"naszyjnik-love","status":"publish","type":"product","link":"https:\/\/rupt.store\/pl\/produkt\/naszyjnik-love\/","title":{"rendered":"Naszyjnik Love"},"content":{"rendered":"\r\n<div class=\"wp-block-spacer\" style=\"height: 40px;\" aria-hidden=\"true\">\u00a0<\/div>\r\n\r\n<div class=\"wp-block-columns alignfull is-layout-flex wp-container-core-columns-is-layout-1a9244c7 wp-block-columns-is-layout-flex\">\r\n<div class=\"wp-block-column is-layout-flow wp-block-column-is-layout-flow\" style=\"flex-basis: 25%;\">&#13;\n<figure class=\"wp-block-image size-full\"><img data-recalc-dims=\"1\" loading=\"lazy\" decoding=\"async\" class=\"wp-image-434\" src=\"https:\/\/i0.wp.com\/rupt.store\/wp-content\/uploads\/2024\/10\/ferja_logo_wieksze.png?resize=75%2C100&#038;ssl=1\" alt=\"\" width=\"75\" height=\"100\" title=\"\"><\/figure>&#13;\n<p><img data-recalc-dims=\"1\" loading=\"lazy\" decoding=\"async\" class=\"size-medium wp-image-8922 aligncenter\" src=\"https:\/\/i0.wp.com\/rupt.store\/wp-content\/uploads\/2024\/10\/142.jpg?resize=300%2C400&#038;ssl=1\" alt=\"\" width=\"300\" height=\"400\" title=\"\"><\/p>&#13;\n<\/div>\r\n\r\n\r\n\r\n<div class=\"wp-block-column is-vertically-aligned-bottom is-layout-flow wp-block-column-is-layout-flow\" style=\"padding-left: 8vh; flex-basis: 75%;\">\r\n<div class=\"wp-block-columns are-vertically-aligned-bottom is-layout-flex wp-container-core-columns-is-layout-1a9244c7 wp-block-columns-is-layout-flex\">\r\n<div class=\"wp-block-column is-vertically-aligned-bottom is-layout-flow wp-block-column-is-layout-flow\">&#13;\n<h3 class=\"has-medium-font-size wp-block-heading\" style=\"text-transform: uppercase;\">MARKA<\/h3>&#13;\n\r\n\r\n&#13;\n<p class=\"has-tiny-font-size wp-block-paragraph\">Ferja Atelier to marka, kt\u00f3ra \u0142\u0105czy tradycyjne rzemios\u0142o z nowoczesn\u0105 technologi\u0105, tworz\u0105c bi\u017cuteri\u0119 o unikalnych, organicznych formach. Proces tworzenia opiera si\u0119 na nietypowej technice jubilerskiej, polegaj\u0105cej na topieniu srebra bezpo\u015brednio na stole jubilerskim. Dzi\u0119ki temu, powsta\u0142e modele s\u0105 niepowtarzalne i zawieraj\u0105 w sobie element przypadkowo\u015bci. Autorka, zafascynowana mo\u017cliwo\u015bciami sztucznej inteligencji, kt\u00f3rej nieprzewidywalno\u015b\u0107 przypomina w pewnym stopniu spontaniczno\u015b\u0107 natury, postanowi\u0142a uczyni\u0107 j\u0105 integraln\u0105 cz\u0119\u015bci\u0105 marki. Wykorzystuje AI do generowania modeli, muzyki oraz materia\u0142\u00f3w wideo.<\/p>&#13;\n<p class=\"has-tiny-font-size\">Mark\u0119 stworzy\u0142a Ewa Nowak, wielokrotnie nagradzana projektantka wzornictwa, artystka i tw\u00f3rczyni, wsp\u00f3\u0142za\u0142o\u017cycielka studia projektowego NOMA. Zainteresowanie Ewy Nowak bi\u017cuteri\u0105 rozpocz\u0119\u0142o si\u0119 od projektu Incognito (2019) &#8211; maski zaprojektowanej w celu ochrony przed algorytmami rozpoznawania twarzy, kt\u00f3ra zyska\u0142a mi\u0119dzynarodowe uznanie. Projekt ten, wystawiany w presti\u017cowych muzeach i galeriach na ca\u0142ym \u015bwiecie, nadal cieszy si\u0119 du\u017cym zainteresowaniem. Ewa obecnie rozwija mark\u0119, badaj\u0105c mo\u017cliwo\u015bci integracji sztucznej inteligencji z tradycyjnymi technikami jubilerskimi.<\/p>&#13;\n\r\n\r\n\r\n<div class=\"wp-block-spacer\" style=\"height: 50px;\" aria-hidden=\"true\">\u00a0<\/div>\r\n\r\n\r\n\r\n<div class=\"wp-block-spacer\" style=\"height: 5vw;\" aria-hidden=\"true\">\u00a0<\/div>\r\n<\/div>\r\n\r\n\r\n\r\n<div class=\"wp-block-column is-layout-flow wp-block-column-is-layout-flow\" style=\"padding-left: 3vw;\">&#13;\n<h3 class=\"has-medium-font-size wp-block-heading\" style=\"text-transform: uppercase;\">PIEL\u0118GNACJA<\/h3>&#13;\n\r\n\r\n&#13;\n<p class=\"has-tiny-font-size wp-block-paragraph\">Srebrn\u0105 bi\u017cuteri\u0119 najlepiej przechowywa\u0107 w zamkni\u0119tym pude\u0142ku, nie spryskiwa\u0107 jej perfumami oraz trzyma\u0107 z dala od wilgoci. Do czyszczenia u\u017cywa\u0107 \u015bciereczki do srebra. <\/p>&#13;\n\r\n\r\n\r\n<div class=\"wp-block-spacer\" style=\"height: 50px;\" aria-hidden=\"true\">\u00a0<\/div>\r\n\r\n\r\n&#13;\n<p class=\"wp-block-paragraph\" style=\"font-size: 14px;\"><strong>Wysy\u0142amy nasze produkty do kraj\u00f3w na ca\u0142ym \u015bwiecie. <\/strong> Czas dostawy w Polsce to 2 dni robocze, w Europie &#8211; 4 dni robocze. Reszta \u015bwiata &#8211; czas jest szacowany w zale\u017cno\u015bci od kraju.<\/p>&#13;\n<\/div>\r\n<\/div>\r\n\r\n\r\n\r\n<div class=\"wp-block-spacer\" style=\"height: 100px;\" aria-hidden=\"true\">\u00a0<\/div>\r\n\r\n\r\n<\/div>\r\n<\/div>\r\n\r\n<div class=\"wp-block-spacer\" style=\"height: 100px;\" aria-hidden=\"true\">\u00a0<\/div>\r\n","protected":false},"excerpt":{"rendered":"<p>Zawieszka w kszta\u0142cie serca na \u0142a\u0144cuszku.<\/p>\n<p>Wykonana ze srebra pr\u00f3by 925. D\u0142ugo\u015b\u0107 \u0142a\u0144cuszka: 45 cm<\/p>\n","protected":false},"featured_media":37176,"comment_status":"closed","ping_status":"closed","template":"","meta":{"_crdt_document":""},"product_brand":[1842],"product_cat":[1811,1644,1807],"product_tag":[2424,2399,2065,2064,2082,2401,2400,2092,2040,2078],"class_list":{"0":"post-37166","1":"product","2":"type-product","3":"status-publish","4":"has-post-thumbnail","6":"product_brand-ferja-atelier-pl","7":"product_cat-bizuteria-do-500-pln","8":"product_cat-naszyjniki","9":"product_cat-wysylka-w-24h","10":"product_tag-bizuteria-dla-niej-3","11":"product_tag-jewelry-for-valentines-day","12":"product_tag-naszyjniki","13":"product_tag-naszyjniki-dlugie","14":"product_tag-naszyjniki-srebrne","15":"product_tag-silver-jewelry","16":"product_tag-unisex-jewelry","17":"product_tag-zawieszki","18":"product_tag-lancuszki","19":"product_tag-lancuszki-srebrne","21":"first","22":"instock","23":"shipping-taxable","24":"purchasable","25":"product-type-simple"},"exclude_global_add_ons":[],"addons":[],"jetpack_sharing_enabled":true,"_links":{"self":[{"href":"https:\/\/rupt.store\/pl\/wp-json\/wp\/v2\/product\/37166","targetHints":{"allow":["GET"]}}],"collection":[{"href":"https:\/\/rupt.store\/pl\/wp-json\/wp\/v2\/product"}],"about":[{"href":"https:\/\/rupt.store\/pl\/wp-json\/wp\/v2\/types\/product"}],"replies":[{"embeddable":true,"href":"https:\/\/rupt.store\/pl\/wp-json\/wp\/v2\/comments?post=37166"}],"wp:featuredmedia":[{"embeddable":true,"href":"https:\/\/rupt.store\/pl\/wp-json\/wp\/v2\/media\/37176"}],"wp:attachment":[{"href":"https:\/\/rupt.store\/pl\/wp-json\/wp\/v2\/media?parent=37166"}],"wp:term":[{"taxonomy":"product_brand","embeddable":true,"href":"https:\/\/rupt.store\/pl\/wp-json\/wp\/v2\/product_brand?post=37166"},{"taxonomy":"product_cat","embeddable":true,"href":"https:\/\/rupt.store\/pl\/wp-json\/wp\/v2\/product_cat?post=37166"},{"taxonomy":"product_tag","embeddable":true,"href":"https:\/\/rupt.store\/pl\/wp-json\/wp\/v2\/product_tag?post=37166"}],"curies":[{"name":"wp","href":"https:\/\/api.w.org\/{rel}","templated":true}]}}