{"id":34195,"date":"2025-03-25T14:50:49","date_gmt":"2025-03-25T13:50:49","guid":{"rendered":"https:\/\/rupt.store\/?post_type=product&#038;p=34195"},"modified":"2026-02-17T21:26:22","modified_gmt":"2026-02-17T20:26:22","slug":"naszyjnik-nest-bubble","status":"publish","type":"product","link":"https:\/\/rupt.store\/pl\/produkt\/naszyjnik-nest-bubble\/","title":{"rendered":"Naszyjnik Nest bubble"},"content":{"rendered":"\r\n<div class=\"wp-block-spacer\" style=\"height: 40px;\" aria-hidden=\"true\">\u00a0<\/div>\r\n\r\n<div class=\"wp-block-columns alignfull is-layout-flex wp-container-core-columns-is-layout-1a9244c7 wp-block-columns-is-layout-flex\">\r\n<div class=\"wp-block-column is-layout-flow wp-block-column-is-layout-flow\" style=\"flex-basis: 25%;\">&#13;\n<figure class=\"wp-block-image size-full\"><img data-recalc-dims=\"1\" loading=\"lazy\" decoding=\"async\" class=\"wp-image-434\" src=\"https:\/\/i0.wp.com\/rupt.store\/wp-content\/uploads\/2025\/03\/IMG_7407.png?resize=120%2C120&#038;ssl=1\" alt=\"\" width=\"120\" height=\"120\" title=\"\"><\/figure>&#13;\n<p><img data-recalc-dims=\"1\" loading=\"lazy\" decoding=\"async\" class=\"size-medium wp-image-8922 aligncenter\" src=\"https:\/\/i0.wp.com\/rupt.store\/wp-content\/uploads\/2025\/03\/IMG_6456.jpg?resize=300%2C400&#038;ssl=1\" alt=\"\" width=\"300\" height=\"400\" title=\"\"><\/p>&#13;\n<\/div>\r\n\r\n\r\n\r\n<div class=\"wp-block-column is-vertically-aligned-bottom is-layout-flow wp-block-column-is-layout-flow\" style=\"padding-left: 8vh; flex-basis: 75%;\">\r\n<div class=\"wp-block-columns are-vertically-aligned-bottom is-layout-flex wp-container-core-columns-is-layout-1a9244c7 wp-block-columns-is-layout-flex\">\r\n<div class=\"wp-block-column is-vertically-aligned-bottom is-layout-flow wp-block-column-is-layout-flow\">&#13;\n<h3 class=\"has-medium-font-size wp-block-heading\" style=\"text-transform: uppercase;\">MARKA<\/h3>&#13;\n\r\n\r\n&#13;\n<p class=\"has-tiny-font-size wp-block-paragraph\">Gutowska Jewelry to marka bi\u017cuterii artystycznej, za kt\u00f3r\u0105 stoi Ania Gutowska \u2013 pasjonatka i tw\u00f3rczyni o wyj\u0105tkowym talencie. Swoj\u0105 z\u0142otnicz\u0105 drog\u0119 rozpocz\u0119\u0142a pod okiem mistrza z\u0142otnictwa z Gda\u0144ska, a nast\u0119pnie rozwija\u0142a umiej\u0119tno\u015bci samodzielnie, odkrywaj\u0105c tajniki pracy ze srebrem i kamieniami naturalnymi. <\/p>&#13;\n<p class=\"has-tiny-font-size\">Bi\u017cuteria jest tworzona r\u0119cznie &#8211; od pierwszego szkicu po finalny szlif. Projekty Ani wyr\u00f3\u017cniaj\u0105 si\u0119 oryginalno\u015bci\u0105, niesztampowym podej\u015bciem do formy oraz najwy\u017csz\u0105 jako\u015bci\u0105 wykonania.  To bi\u017cuteria dla tych, kt\u00f3rzy ceni\u0105 unikalno\u015b\u0107 i pi\u0119kno natury, wyra\u017cane w harmonii mi\u0119dzy szlachetnymi materia\u0142ami a artystyczn\u0105 wizj\u0105.<\/p>&#13;\n\r\n\r\n\r\n<div class=\"wp-block-spacer\" style=\"height: 50px;\" aria-hidden=\"true\">\u00a0<\/div>\r\n\r\n\r\n\r\n<div class=\"wp-block-spacer\" style=\"height: 5vw;\" aria-hidden=\"true\">\u00a0<\/div>\r\n<\/div>\r\n\r\n\r\n\r\n<div class=\"wp-block-column is-layout-flow wp-block-column-is-layout-flow\" style=\"padding-left: 3vw;\">&#13;\n<h3 class=\"has-medium-font-size wp-block-heading\" style=\"text-transform: uppercase;\">PIEL\u0118GNACJA<\/h3>&#13;\n\r\n\r\n&#13;\n<p class=\"has-tiny-font-size wp-block-paragraph\">Aby srebrna bi\u017cuteria zachowa\u0142a sw\u00f3j blask i pi\u0119kno na d\u0142u\u017cej, warto odpowiednio o ni\u0105 dba\u0107. Unikaj kontaktu z chemikaliami \u2013 srebro reaguje z substancjami chemicznymi, takimi jak perfumy, lakiery do w\u0142os\u00f3w, detergenty czy chlor.  Aby unikn\u0105\u0107 matowienia i przebarwie\u0144, zdejmuj bi\u017cuteri\u0119 przed k\u0105piel\u0105, sprz\u0105taniem czy p\u0142ywaniem w basenie. Przechowuj w odpowiedni spos\u00f3b &#8211; przechowuj srebrn\u0105 bi\u017cuteri\u0119 w suchym miejscu, najlepiej w zamykanym pude\u0142ku lub woreczku, aby ograniczy\u0107 kontakt z powietrzem. Regularnie czy\u015b\u0107 bi\u017cuteri\u0119 &#8211; je\u015bli bi\u017cuteria zaczyna matowie\u0107, mo\u017cesz j\u0105 wyczy\u015bci\u0107 za pomoc\u0105 mi\u0119kkiej \u015bciereczki do srebra. W przypadku wi\u0119kszych zabrudze\u0144 sprawdzi si\u0119 domowa metoda: namocz bi\u017cuteri\u0119 w letniej wodzie z dodatkiem delikatnego myd\u0142a, a nast\u0119pnie delikatnie wyczy\u015b\u0107 mi\u0119kk\u0105 szczoteczk\u0105. Unikaj pasty do z\u0119b\u00f3w, kt\u00f3ra mo\u017ce porysowa\u0107 powierzchni\u0119. No\u015b regularnie &#8211; paradoksalnie, cz\u0119ste noszenie srebrnej bi\u017cuterii pomaga utrzyma\u0107 jej blask \u2013 kontakt ze sk\u00f3r\u0105 ogranicza proces oksydacji, kt\u00f3ry powoduje ciemnienie srebra.<\/p>&#13;\n\r\n\r\n\r\n<div class=\"wp-block-spacer\" style=\"height: 50px;\" aria-hidden=\"true\">\u00a0<\/div>\r\n\r\n\r\n&#13;\n<p class=\"wp-block-paragraph\" style=\"font-size: 14px;\"><strong>Wysy\u0142amy nasze produkty do kraj\u00f3w na ca\u0142ym \u015bwiecie. <\/strong> Czas dostawy w Polsce to 2 dni robocze, w Europie &#8211; 4 dni robocze. Reszta \u015bwiata &#8211; czas jest szacowany w zale\u017cno\u015bci od kraju.<\/p>&#13;\n<\/div>\r\n<\/div>\r\n\r\n\r\n\r\n<div class=\"wp-block-spacer\" style=\"height: 100px;\" aria-hidden=\"true\">\u00a0<\/div>\r\n\r\n\r\n<\/div>\r\n<\/div>\r\n\r\n<div class=\"wp-block-spacer\" style=\"height: 100px;\" aria-hidden=\"true\">\u00a0<\/div>\r\n","protected":false},"excerpt":{"rendered":"<p>Nieregularny naszyjnik, swym wygl\u0105dem nawi\u0105zuj\u0105cy do ptasiego gniazda zbudowanego z pojedynczych ga\u0142\u0119zi. Ozdobiony srebrnymi kuleczkami. <\/p>\n<p>Wykonany z najwy\u017cszej jako\u015bci srebra pr\u00f3by 925. Wymiary: zawieszka 2 cm, d\u0142ugo\u015b\u0107 \u0142a\u0144cuszka: 45 cm<\/p>\n<p>Wykonany r\u0119cznie w Polsce, poszczeg\u00f3lne egzemplarze mog\u0105 nieznacznie r\u00f3\u017cni\u0107 si\u0119 od pokazanych na zdj\u0119ciu.<\/p>\n","protected":false},"featured_media":44938,"comment_status":"closed","ping_status":"closed","template":"","meta":{"_crdt_document":""},"product_brand":[2138],"product_cat":[1811,1644,1807],"product_tag":[2057,2397,2424,2087,2399,2065,2064,2082,2401,2400,2092],"class_list":{"0":"post-34195","1":"product","2":"type-product","3":"status-publish","4":"has-post-thumbnail","6":"product_brand-gutowska-jewelry-pl","7":"product_cat-bizuteria-do-500-pln","8":"product_cat-naszyjniki","9":"product_cat-wysylka-w-24h","10":"product_tag-bizuteria-dla-mamy","11":"product_tag-bizuteria-dla-niego","12":"product_tag-bizuteria-dla-niej-3","13":"product_tag-bizuteria-slubna","14":"product_tag-jewelry-for-valentines-day","15":"product_tag-naszyjniki","16":"product_tag-naszyjniki-dlugie","17":"product_tag-naszyjniki-srebrne","18":"product_tag-silver-jewelry","19":"product_tag-unisex-jewelry","20":"product_tag-zawieszki","22":"first","23":"instock","24":"shipping-taxable","25":"purchasable","26":"product-type-simple"},"exclude_global_add_ons":[],"addons":[],"jetpack_sharing_enabled":true,"_links":{"self":[{"href":"https:\/\/rupt.store\/pl\/wp-json\/wp\/v2\/product\/34195","targetHints":{"allow":["GET"]}}],"collection":[{"href":"https:\/\/rupt.store\/pl\/wp-json\/wp\/v2\/product"}],"about":[{"href":"https:\/\/rupt.store\/pl\/wp-json\/wp\/v2\/types\/product"}],"replies":[{"embeddable":true,"href":"https:\/\/rupt.store\/pl\/wp-json\/wp\/v2\/comments?post=34195"}],"wp:featuredmedia":[{"embeddable":true,"href":"https:\/\/rupt.store\/pl\/wp-json\/wp\/v2\/media\/44938"}],"wp:attachment":[{"href":"https:\/\/rupt.store\/pl\/wp-json\/wp\/v2\/media?parent=34195"}],"wp:term":[{"taxonomy":"product_brand","embeddable":true,"href":"https:\/\/rupt.store\/pl\/wp-json\/wp\/v2\/product_brand?post=34195"},{"taxonomy":"product_cat","embeddable":true,"href":"https:\/\/rupt.store\/pl\/wp-json\/wp\/v2\/product_cat?post=34195"},{"taxonomy":"product_tag","embeddable":true,"href":"https:\/\/rupt.store\/pl\/wp-json\/wp\/v2\/product_tag?post=34195"}],"curies":[{"name":"wp","href":"https:\/\/api.w.org\/{rel}","templated":true}]}}