{"id":33716,"date":"2025-03-21T11:51:23","date_gmt":"2025-03-21T10:51:23","guid":{"rendered":"https:\/\/rupt.store\/?post_type=product&#038;p=33716"},"modified":"2026-03-05T21:26:22","modified_gmt":"2026-03-05T20:26:22","slug":"naszyjnik-celestial","status":"publish","type":"product","link":"https:\/\/rupt.store\/pl\/produkt\/naszyjnik-celestial\/","title":{"rendered":"Naszyjnik Celestial"},"content":{"rendered":"\r\n<div class=\"wp-block-spacer\" style=\"height: 40px;\" aria-hidden=\"true\">\u00a0<\/div>\r\n\r\n<div class=\"wp-block-columns alignfull is-layout-flex wp-container-core-columns-is-layout-1a9244c7 wp-block-columns-is-layout-flex\">\r\n<div class=\"wp-block-column is-layout-flow wp-block-column-is-layout-flow\" style=\"flex-basis: 25%;\">&#13;\n<figure class=\"wp-block-image size-full\"><img data-recalc-dims=\"1\" loading=\"lazy\" decoding=\"async\" class=\"wp-image-434\" src=\"https:\/\/i0.wp.com\/rupt.store\/wp-content\/uploads\/2025\/03\/rice_yogurt_logo.jpg?resize=100%2C100&#038;ssl=1\" alt=\"\" width=\"100\" height=\"100\" title=\"\"><\/figure>&#13;\n<figure class=\"wp-block-image size-full\"><img data-recalc-dims=\"1\" loading=\"lazy\" decoding=\"async\" class=\"wp-image-434\" src=\"https:\/\/i0.wp.com\/rupt.store\/wp-content\/uploads\/2025\/03\/IMGP6540.jpg?resize=400%2C300&#038;ssl=1\" alt=\"\" width=\"400\" height=\"300\" title=\"\"><\/figure>&#13;\n<\/div>\r\n\r\n\r\n\r\n<div class=\"wp-block-column is-vertically-aligned-bottom is-layout-flow wp-block-column-is-layout-flow\" style=\"padding-left: 8vh; flex-basis: 75%;\">\r\n<div class=\"wp-block-columns are-vertically-aligned-bottom is-layout-flex wp-container-core-columns-is-layout-1a9244c7 wp-block-columns-is-layout-flex\">\r\n<div class=\"wp-block-column is-vertically-aligned-bottom is-layout-flow wp-block-column-is-layout-flow\">&#13;\n<h3 class=\"has-medium-font-size wp-block-heading\" style=\"text-transform: uppercase;\">MARKA<\/h3>&#13;\n\r\n\r\n&#13;\n<p class=\"has-tiny-font-size wp-block-paragraph\">Rice.yogurt | ry\u017cowy jogurt to projekt \u0142\u0105cz\u0105cy estetyk\u0119 z d\u0105\u017ceniem do etycznego tworzenia sztuki. Skupia si\u0119 g\u0142\u00f3wnie na bi\u017cuterii wykonanej z materia\u0142\u00f3w z drugiej r\u0119ki oraz stali szlachetnej. Wi\u0119kszo\u015b\u0107 pere\u0142, kamieni i koralik\u00f3w pochodzi z upcyklingu, co przybli\u017ca proces tworzenia do idea\u0142u cruelty-free. Poniewa\u017c materia\u0142y s\u0105 starannie wyszukiwane i dost\u0119pne w ograniczonych ilo\u015bciach, ka\u017cdy naszyjnik jest jedyny w swoim rodzaju.<\/p>&#13;\n\r\n\r\n\r\n<div class=\"wp-block-spacer\" style=\"height: 50px;\" aria-hidden=\"true\">\u00a0<\/div>\r\n\r\n\r\n\r\n<div class=\"wp-block-spacer\" style=\"height: 5vw;\" aria-hidden=\"true\">\u00a0<\/div>\r\n<\/div>\r\n\r\n\r\n\r\n<div class=\"wp-block-column is-layout-flow wp-block-column-is-layout-flow\" style=\"padding-left: 3vw;\">&#13;\n<h3 class=\"has-medium-font-size wp-block-heading\" style=\"text-transform: uppercase;\">PIEL\u0118GNACJA<\/h3>&#13;\n\r\n\r\n&#13;\n<p class=\"has-tiny-font-size wp-block-paragraph\">Zdejmij bi\u017cuteri\u0119, je\u015bli wykonujesz jak\u0105kolwiek czynno\u015b\u0107, kt\u00f3ra mo\u017ce j\u0105 zarysowa\u0107, uderzy\u0107 lub uszkodzi\u0107. Trzymaj j\u0105 z dala od chemikali\u00f3w. Przechowuj j\u0105 oddzielnie, z dala od \u015bwiat\u0142a s\u0142onecznego, nadmiernego ciep\u0142a lub wilgoci.<\/p>&#13;\n\r\n\r\n\r\n<div class=\"wp-block-spacer\" style=\"height: 50px;\" aria-hidden=\"true\">\u00a0<\/div>\r\n\r\n\r\n&#13;\n<p class=\"wp-block-paragraph\" style=\"font-size: 14px;\"><strong>Wysy\u0142amy nasze produkty do kraj\u00f3w na ca\u0142ym \u015bwiecie. <\/strong> Czas dostawy w Polsce to 2 dni robocze, w Europie &#8211; 4 dni robocze. Reszta \u015bwiata &#8211; czas jest szacowany w zale\u017cno\u015bci od kraju.<\/p>&#13;\n<\/div>\r\n<\/div>\r\n\r\n\r\n\r\n<div class=\"wp-block-spacer\" style=\"height: 100px;\" aria-hidden=\"true\">\u00a0<\/div>\r\n\r\n\r\n<\/div>\r\n<\/div>\r\n\r\n<div class=\"wp-block-spacer\" style=\"height: 100px;\" aria-hidden=\"true\">\u00a0<\/div>\r\n","protected":false},"excerpt":{"rendered":"<p class=\"has-tiny-font-size\">Naszyjnik z zawieszkami i per\u0142ami, wykonany z materia\u0142\u00f3w z recyklingu i stali nierdzewnej.<\/p>\n<p class=\"has-tiny-font-size\">Per\u0142y barokowe, vintage krzy\u017cyk, szklane koraliki, muszla kauri, metalowe koraliki. Wszystkie per\u0142y, koraliki i zawieszki s\u0105 z drugiej r\u0119ki. <\/p>\n<p class=\"has-tiny-font-size\">Poniewa\u017c materia\u0142y s\u0105 starannie wyszukiwane i dost\u0119pne w ograniczonych ilo\u015bciach, ka\u017cdy naszyjnik jest wykonany w jednej kopii i jedyny w swoim rodzaju.<\/p>\n","protected":false},"featured_media":44818,"comment_status":"closed","ping_status":"closed","template":"","meta":{"_crdt_document":""},"product_brand":[2127],"product_cat":[1811,1644,1807],"product_tag":[2057,2277,2062,2063,2066,2042,2065,2075,2067,2090],"class_list":{"0":"post-33716","1":"product","2":"type-product","3":"status-publish","4":"has-post-thumbnail","6":"product_brand-rice-yogurt-pl","7":"product_cat-bizuteria-do-500-pln","8":"product_cat-naszyjniki","9":"product_cat-wysylka-w-24h","10":"product_tag-bizuteria-dla-mamy","11":"product_tag-bizuteria-unisex","12":"product_tag-bizuteria-z-kamieniami-naturalnymi","13":"product_tag-bizuteria-z-perlami","14":"product_tag-bizuteria-ze-stali-chirurgicznej","15":"product_tag-chokery","16":"product_tag-naszyjniki","17":"product_tag-naszyjniki-krotkie","18":"product_tag-naszyjniki-z-kamieniami-naturalnymi","19":"product_tag-naszyjniki-z-perlami","21":"first","22":"outofstock","23":"shipping-taxable","24":"purchasable","25":"product-type-simple"},"exclude_global_add_ons":[],"addons":[],"jetpack_sharing_enabled":true,"_links":{"self":[{"href":"https:\/\/rupt.store\/pl\/wp-json\/wp\/v2\/product\/33716","targetHints":{"allow":["GET"]}}],"collection":[{"href":"https:\/\/rupt.store\/pl\/wp-json\/wp\/v2\/product"}],"about":[{"href":"https:\/\/rupt.store\/pl\/wp-json\/wp\/v2\/types\/product"}],"replies":[{"embeddable":true,"href":"https:\/\/rupt.store\/pl\/wp-json\/wp\/v2\/comments?post=33716"}],"wp:featuredmedia":[{"embeddable":true,"href":"https:\/\/rupt.store\/pl\/wp-json\/wp\/v2\/media\/44818"}],"wp:attachment":[{"href":"https:\/\/rupt.store\/pl\/wp-json\/wp\/v2\/media?parent=33716"}],"wp:term":[{"taxonomy":"product_brand","embeddable":true,"href":"https:\/\/rupt.store\/pl\/wp-json\/wp\/v2\/product_brand?post=33716"},{"taxonomy":"product_cat","embeddable":true,"href":"https:\/\/rupt.store\/pl\/wp-json\/wp\/v2\/product_cat?post=33716"},{"taxonomy":"product_tag","embeddable":true,"href":"https:\/\/rupt.store\/pl\/wp-json\/wp\/v2\/product_tag?post=33716"}],"curies":[{"name":"wp","href":"https:\/\/api.w.org\/{rel}","templated":true}]}}