{"id":32334,"date":"2025-02-20T13:57:04","date_gmt":"2025-02-20T12:57:04","guid":{"rendered":"https:\/\/rupt.store\/product\/naszyjnik-lares-medium-au\/"},"modified":"2025-12-01T01:15:36","modified_gmt":"2025-12-01T00:15:36","slug":"naszyjnik-lares-medium-au","status":"publish","type":"product","link":"https:\/\/rupt.store\/pl\/produkt\/naszyjnik-lares-medium-au\/","title":{"rendered":"Naszyjnik Lares Medium Au"},"content":{"rendered":"\r\n<div class=\"wp-block-spacer\" style=\"height: 40px;\" aria-hidden=\"true\">\u00a0<\/div>\r\n\r\n<div class=\"wp-block-columns alignfull is-layout-flex wp-container-core-columns-is-layout-1a9244c7 wp-block-columns-is-layout-flex\">\r\n<div class=\"wp-block-column is-layout-flow wp-block-column-is-layout-flow\" style=\"flex-basis: 25%;\">&#13;\n<figure class=\"wp-block-image size-full\"><img data-recalc-dims=\"1\" loading=\"lazy\" decoding=\"async\" class=\"wp-image-434\" src=\"https:\/\/i0.wp.com\/rupt.store\/wp-content\/uploads\/2024\/03\/logo_web-1.png?resize=80%2C80&#038;ssl=1\" alt=\"\" width=\"80\" height=\"80\" title=\"\"><\/figure>&#13;\n<figure class=\"wp-block-image size-full\"><img data-recalc-dims=\"1\" loading=\"lazy\" decoding=\"async\" class=\"wp-image-434\" src=\"https:\/\/i0.wp.com\/rupt.store\/wp-content\/uploads\/2024\/03\/NJAL-Gynoides-SESJA9.jpg?resize=300%2C400&#038;ssl=1\" alt=\"\" width=\"300\" height=\"400\" title=\"\"><\/figure>&#13;\n<\/div>\r\n\r\n\r\n\r\n<div class=\"wp-block-column is-vertically-aligned-bottom is-layout-flow wp-block-column-is-layout-flow\" style=\"padding-left: 8vh; flex-basis: 75%;\">\r\n<div class=\"wp-block-columns are-vertically-aligned-bottom is-layout-flex wp-container-core-columns-is-layout-1a9244c7 wp-block-columns-is-layout-flex\">\r\n<div class=\"wp-block-column is-vertically-aligned-bottom is-layout-flow wp-block-column-is-layout-flow\">&#13;\n<h3 class=\"has-medium-font-size wp-block-heading\" style=\"text-transform: uppercase;\">MARKA<\/h3>&#13;\n\r\n\r\n&#13;\n<p class=\"has-tiny-font-size wp-block-paragraph\">Melancholia to autorska marka jubilerska za\u0142o\u017cona w 2014 roku przez projektantk\u0119 i artystk\u0119 sztuk wizualnych Dari\u0119 Malick\u0105. Bi\u017cuteria tej marki, inspirowana staro\u017cytn\u0105 filozofi\u0105, sztuk\u0105 i alchemi\u0105 oraz my\u015bleniem symbolicznym, redefiniuje przesz\u0142o\u015b\u0107 poprzez wsp\u00f3\u0142czesne, odwa\u017cne formy. Projekty marki to eklektyczna synteza historycznych motyw\u00f3w i wsp\u00f3\u0142czesnej estetyki. Ka\u017cda kolekcja stanowi zakl\u0119t\u0105 w ma\u0142ych przedmiotach opowie\u015b\u0107 o tym, jak mo\u017cemy odczytywa\u0107 dawne teksty kultury w aktualnej rzeczywisto\u015bci.   <\/p>&#13;\n<p class=\"has-tiny-font-size\">Bi\u017cuteria marki wykonywana jest z najwy\u017cszej jako\u015bci stop\u00f3w srebra pr\u00f3by 925, a do poz\u0142acania stosowana jest trwa\u0142a pow\u0142oka galwaniczna z 24-karatowego z\u0142ota. Projekty powstaj\u0105 przy u\u017cyciu najnowszych technologii modelowania i druku 3D, natomiast finalny efekt wyrob\u00f3w uzyskiwany jest w wyniku r\u0119cznej pracy wykonywanej w lokalnych zak\u0142adach jubilerskich. Marka stawia na zr\u00f3wnowa\u017con\u0105, etyczn\u0105 produkcj\u0119 zlokalizowan\u0105 na p\u00f3\u0142nocy Polski.   <\/p>&#13;\n\r\n\r\n\r\n<div class=\"wp-block-spacer\" style=\"height: 50px;\" aria-hidden=\"true\">\u00a0<\/div>\r\n\r\n\r\n\r\n<div class=\"wp-block-spacer\" style=\"height: 5vw;\" aria-hidden=\"true\">\u00a0<\/div>\r\n<\/div>\r\n\r\n\r\n\r\n<div class=\"wp-block-column is-layout-flow wp-block-column-is-layout-flow\" style=\"padding-left: 3vw;\">&#13;\n<h3 class=\"has-medium-font-size wp-block-heading\" style=\"text-transform: uppercase;\">PIEL\u0118GNACJA<\/h3>&#13;\n\r\n\r\n&#13;\n<p class=\"has-tiny-font-size wp-block-paragraph\">Bi\u017cuteria, jak wszystko co pi\u0119kne, wymaga piel\u0119gnacji i specjalnego traktowania. Srebro nie powinno by\u0107 nara\u017cone na dzia\u0142anie detergent\u00f3w i innych agresywnych chemikali\u00f3w (w tym perfum i kosmetyk\u00f3w). Srebro jest bardzo wra\u017cliwe na zwi\u0105zki siarki w powietrzu. Warto przechowywa\u0107 produkty w szczelnych i neutralnych chemicznie pude\u0142kach, do produkcji kt\u00f3rych nie u\u017cywa si\u0119 toksycznych klej\u00f3w, kt\u00f3re cz\u0119sto zawieraj\u0105 zwi\u0105zki siarki. Powierzchniowe zabrudzenia mo\u017cna usuwa\u0107 za pomoc\u0105 specjalnych \u015bciereczek do srebra i srebra poz\u0142acanego. Zawieraj\u0105 one w swojej strukturze zwi\u0105zki chemiczne, kt\u00f3re delikatnie czyszcz\u0105 i nab\u0142yszczaj\u0105 powierzchni\u0119 metalu. Polecamy r\u00f3wnie\u017c specjalne p\u0142yny do czyszczenia bi\u017cuterii.      <\/p>&#13;\n\r\n\r\n\r\n<div class=\"wp-block-spacer\" style=\"height: 50px;\" aria-hidden=\"true\">\u00a0<\/div>\r\n\r\n\r\n&#13;\n<p class=\"wp-block-paragraph\" style=\"font-size: 14px;\"><strong>Wysy\u0142amy nasze produkty do kraj\u00f3w na ca\u0142ym \u015bwiecie. <\/strong> Czas dostawy w Polsce to 2 dni robocze, w Europie &#8211; 4 dni robocze. Reszta \u015bwiata &#8211; czas jest szacowany w zale\u017cno\u015bci od kraju.<\/p>&#13;\n<\/div>\r\n<\/div>\r\n\r\n\r\n\r\n<div class=\"wp-block-spacer\" style=\"height: 100px;\" aria-hidden=\"true\">\u00a0<\/div>\r\n\r\n\r\n<\/div>\r\n<\/div>\r\n\r\n<div class=\"wp-block-spacer\" style=\"height: 100px;\" aria-hidden=\"true\">\u00a0<\/div>\r\n","protected":false},"excerpt":{"rendered":"<p class=\"has-tiny-font-size\">W \u015bwiecie nieustaj\u0105cych migracji i przep\u0142yw\u00f3w pr\u00f3bujemy odnale\u017a\u0107 w\u0142asne miejsce. S\u0142owo \u201elares\u201d w staro\u017cytnej \u0142acinie oznacza b\u00f3stwa opieku\u0144cze domowego ogniska a tak\u017ce, w liczbie mnogiej, miejsca zamieszkania. Odwieczny symbol klucza odsy\u0142a do poj\u0119cia domu, umiejscowienia i wytchnienia.  <\/p>\n<p class=\"has-tiny-font-size\">Naszyjnik z motywem klucza, wykonany ze srebra pr\u00f3by 925 pokrytego trwa\u0142\u0105 pow\u0142ok\u0105 galwaniczn\u0105 z 24-karatowego z\u0142ota. <\/p>\n<p class=\"has-tiny-font-size\">Wymiary klucza: 13 mm (szeroko\u015b\u0107), 35 mm (wysoko\u015b\u0107). D\u0142ugo\u015b\u0107 \u0142a\u0144cuszka: 530 mm<\/p>\n<p class=\"has-tiny-font-size\">\u0141a\u0144cuszek typu linka posiada dedykowane zapi\u0119cie z haczykiem.<\/p>\n<p class=\"has-tiny-font-size\">Produkt wykonany w ca\u0142o\u015bci w Polsce.<\/p>\n","protected":false},"featured_media":47428,"comment_status":"closed","ping_status":"closed","template":"","meta":{"_crdt_document":""},"product_brand":[1825],"product_cat":[1644],"product_tag":[2057,2054,2218,2277,2065,2064,2052,2092,2040,2048],"class_list":{"0":"post-32334","1":"product","2":"type-product","3":"status-publish","4":"has-post-thumbnail","6":"product_brand-melancholia-pl","7":"product_cat-naszyjniki","8":"product_tag-bizuteria-dla-mamy","9":"product_tag-bizuteria-na-walentynki","10":"product_tag-pozlacana-bizuteria","11":"product_tag-bizuteria-unisex","12":"product_tag-naszyjniki","13":"product_tag-naszyjniki-dlugie","14":"product_tag-naszyjniki-pozlacane","15":"product_tag-zawieszki","16":"product_tag-lancuszki","17":"product_tag-lancuszki-pozlacane","19":"first","20":"instock","21":"shipping-taxable","22":"purchasable","23":"product-type-simple"},"exclude_global_add_ons":[],"addons":[],"jetpack_sharing_enabled":true,"_links":{"self":[{"href":"https:\/\/rupt.store\/pl\/wp-json\/wp\/v2\/product\/32334","targetHints":{"allow":["GET"]}}],"collection":[{"href":"https:\/\/rupt.store\/pl\/wp-json\/wp\/v2\/product"}],"about":[{"href":"https:\/\/rupt.store\/pl\/wp-json\/wp\/v2\/types\/product"}],"replies":[{"embeddable":true,"href":"https:\/\/rupt.store\/pl\/wp-json\/wp\/v2\/comments?post=32334"}],"wp:featuredmedia":[{"embeddable":true,"href":"https:\/\/rupt.store\/pl\/wp-json\/wp\/v2\/media\/47428"}],"wp:attachment":[{"href":"https:\/\/rupt.store\/pl\/wp-json\/wp\/v2\/media?parent=32334"}],"wp:term":[{"taxonomy":"product_brand","embeddable":true,"href":"https:\/\/rupt.store\/pl\/wp-json\/wp\/v2\/product_brand?post=32334"},{"taxonomy":"product_cat","embeddable":true,"href":"https:\/\/rupt.store\/pl\/wp-json\/wp\/v2\/product_cat?post=32334"},{"taxonomy":"product_tag","embeddable":true,"href":"https:\/\/rupt.store\/pl\/wp-json\/wp\/v2\/product_tag?post=32334"}],"curies":[{"name":"wp","href":"https:\/\/api.w.org\/{rel}","templated":true}]}}