{"id":11131,"date":"2024-04-28T21:58:28","date_gmt":"2024-04-28T19:58:28","guid":{"rendered":"https:\/\/rupt.store\/product\/pierscionek-thorni-i-seashell\/"},"modified":"2026-02-09T00:15:54","modified_gmt":"2026-02-08T23:15:54","slug":"pierscionek-thorni-i-seashell","status":"publish","type":"product","link":"https:\/\/rupt.store\/pl\/produkt\/pierscionek-thorni-i-seashell\/","title":{"rendered":"Pier\u015bcionek Thorni I Nacre"},"content":{"rendered":"\r\n<div class=\"wp-block-spacer\" style=\"height: 40px;\" aria-hidden=\"true\">\u00a0<\/div>\r\n\r\n<div class=\"wp-block-columns alignfull is-layout-flex wp-container-core-columns-is-layout-1a9244c7 wp-block-columns-is-layout-flex\">\r\n<div class=\"wp-block-column is-layout-flow wp-block-column-is-layout-flow\" style=\"flex-basis: 25%;\">&#13;\n<figure class=\"wp-block-image size-full\"><img data-recalc-dims=\"1\" loading=\"lazy\" decoding=\"async\" class=\"wp-image-434\" src=\"https:\/\/i0.wp.com\/rupt.store\/wp-content\/uploads\/2024\/04\/ROZMIARY-PIERSCIONKOW.pdf-2.png?resize=100%2C100&#038;ssl=1\" width=\"100\" height=\"100\" alt=\"\" title=\"\"><\/figure>&#13;\n<figure class=\"wp-block-image size-full\"><img data-recalc-dims=\"1\" loading=\"lazy\" decoding=\"async\" class=\"wp-image-434\" src=\"https:\/\/i0.wp.com\/rupt.store\/wp-content\/uploads\/2024\/04\/Naga-earring-with-naga-choker-on-Wiktoria.jpg?resize=200%2C200&#038;ssl=1\" alt=\"\" width=\"200\" height=\"200\" title=\"\"><\/figure>&#13;\n<\/div>\r\n\r\n\r\n\r\n<div class=\"wp-block-column is-vertically-aligned-bottom is-layout-flow wp-block-column-is-layout-flow\" style=\"padding-left: 8vh; flex-basis: 75%;\">\r\n<div class=\"wp-block-columns are-vertically-aligned-bottom is-layout-flex wp-container-core-columns-is-layout-1a9244c7 wp-block-columns-is-layout-flex\">\r\n<div class=\"wp-block-column is-vertically-aligned-bottom is-layout-flow wp-block-column-is-layout-flow\">&#13;\n<h3 class=\"has-medium-font-size wp-block-heading\" style=\"text-transform: uppercase;\">MARKA<\/h3>&#13;\n\r\n\r\n&#13;\n<p class=\"has-tiny-font-size wp-block-paragraph\">Salow tworzy bi\u017cuteri\u0119, rze\u017aby i obiekty rzemios\u0142a artystycznego. Skoncentrowana na postaci ludzkiej ci\u0105gle poszukuje kolejnych kszta\u0142t\u00f3w. <\/p>&#13;\n<p class=\"has-tiny-font-size\">Bazuje na tradycyjnym rzemio\u015ble, czerpi\u0105c z niego i \u0142\u0105cz\u0105c z nowym by uzyska\u0107 unikalne formy.<\/p>&#13;\n<p class=\"has-tiny-font-size\">Wykonany r\u0119cznie w Polsce.<\/p>&#13;\n\r\n\r\n\r\n<div class=\"wp-block-spacer\" style=\"height: 50px;\" aria-hidden=\"true\">\u00a0<\/div>\r\n\r\n\r\n\r\n<div class=\"wp-block-spacer\" style=\"height: 5vw;\" aria-hidden=\"true\">\u00a0<\/div>\r\n<\/div>\r\n\r\n<div class=\"wp-block-column is-layout-flow wp-block-column-is-layout-flow\" style=\"padding-left: 3vw;\">&#13;\n<h3 class=\"has-medium-font-size wp-block-heading\" style=\"text-transform: uppercase;\">PIEL\u0118GNACJA<\/h3>&#13;\n\r\n\r\n&#13;\n<p class=\"has-tiny-font-size wp-block-paragraph\">Zdejmij bi\u017cuteri\u0119, je\u015bli wykonujesz jak\u0105kolwiek czynno\u015b\u0107, kt\u00f3ra mo\u017ce j\u0105 zarysowa\u0107, uderzy\u0107 lub uszkodzi\u0107. Trzymaj j\u0105 z dala od chemikali\u00f3w. Przechowuj j\u0105 oddzielnie, z dala od \u015bwiat\u0142a s\u0142onecznego, nadmiernego ciep\u0142a lub wilgoci.<\/p>&#13;\n\r\n\r\n\r\n<div class=\"wp-block-spacer\" style=\"height: 50px;\" aria-hidden=\"true\">\u00a0<\/div>\r\n\r\n\r\n&#13;\n<p class=\"wp-block-paragraph\" style=\"font-size: 14px;\"><strong>Wysy\u0142amy nasze produkty do kraj\u00f3w na ca\u0142ym \u015bwiecie. <\/strong> Czas dostawy w Polsce to 2 dni robocze, w Europie &#8211; 4 dni robocze. Reszta \u015bwiata &#8211; czas jest szacowany w zale\u017cno\u015bci od kraju.<\/p>&#13;\n<\/div>\r\n<\/div>\n<p><!-- \/wp:post-content --><\/p>\n<p><!-- wp:spacer --><\/p>\n<div class=\"wp-block-spacer\" style=\"height: 100px;\" aria-hidden=\"true\"> <\/div>\n<p><!-- \/wp:spacer --><\/p>\n<p><!-- wp:paragraph {\"style\":{\"typography\":{\"fontSize\":\"14px\"}}} \/--><\/div>\n<p><!-- \/wp:column --><\/div>\n<p><!-- \/wp:columns --><\/p>\n<p><!-- wp:spacer --><\/p>\n<div class=\"wp-block-spacer\" style=\"height: 100px;\" aria-hidden=\"true\"> <\/div>\n<p><!-- \/wp:spacer --><\/p>\n","protected":false},"excerpt":{"rendered":"<p class=\"has-tiny-font-size\">Wykonany ze srebra pr\u00f3by 925 i masy per\u0142owej. Wyg\u0142adzony wewn\u0105trz i teksturowany na zewn\u0105trz, polerowany. <\/p>\n<p class=\"has-tiny-font-size\">Wykonany r\u0119cznie w Polsce.<\/p>\n<p class=\"has-tiny-font-size\">Nasza bi\u017cuteria jest unisex.<\/p>\n<p class=\"has-tiny-font-size\">Ka\u017cdy produkt jest wykonywany r\u0119cznie i mo\u017ce nieznacznie r\u00f3\u017cni\u0107 si\u0119 od przedstawionego na zdj\u0119ciach.<\/p>\n","protected":false},"featured_media":7299,"comment_status":"closed","ping_status":"closed","template":"","meta":{"_crdt_document":""},"product_brand":[1836],"product_cat":[1662],"product_tag":[2397],"class_list":{"0":"post-11131","1":"product","2":"type-product","3":"status-publish","4":"has-post-thumbnail","6":"product_brand-salow-pl","7":"product_cat-pierscionki","8":"product_tag-bizuteria-dla-niego","10":"first","11":"instock","12":"purchasable","13":"product-type-variable"},"exclude_global_add_ons":[],"addons":[],"jetpack_sharing_enabled":true,"_links":{"self":[{"href":"https:\/\/rupt.store\/pl\/wp-json\/wp\/v2\/product\/11131","targetHints":{"allow":["GET"]}}],"collection":[{"href":"https:\/\/rupt.store\/pl\/wp-json\/wp\/v2\/product"}],"about":[{"href":"https:\/\/rupt.store\/pl\/wp-json\/wp\/v2\/types\/product"}],"replies":[{"embeddable":true,"href":"https:\/\/rupt.store\/pl\/wp-json\/wp\/v2\/comments?post=11131"}],"wp:featuredmedia":[{"embeddable":true,"href":"https:\/\/rupt.store\/pl\/wp-json\/wp\/v2\/media\/7299"}],"wp:attachment":[{"href":"https:\/\/rupt.store\/pl\/wp-json\/wp\/v2\/media?parent=11131"}],"wp:term":[{"taxonomy":"product_brand","embeddable":true,"href":"https:\/\/rupt.store\/pl\/wp-json\/wp\/v2\/product_brand?post=11131"},{"taxonomy":"product_cat","embeddable":true,"href":"https:\/\/rupt.store\/pl\/wp-json\/wp\/v2\/product_cat?post=11131"},{"taxonomy":"product_tag","embeddable":true,"href":"https:\/\/rupt.store\/pl\/wp-json\/wp\/v2\/product_tag?post=11131"}],"curies":[{"name":"wp","href":"https:\/\/api.w.org\/{rel}","templated":true}]}}